{"id":4036,"date":"2022-05-19T20:14:10","date_gmt":"2022-05-19T20:14:10","guid":{"rendered":"https:\/\/reci-education.ch\/themes\/le-continuum-education-de-base\/"},"modified":"2026-02-19T09:44:23","modified_gmt":"2026-02-19T09:44:23","slug":"lll-fr","status":"publish","type":"page","link":"https:\/\/reci-fobbiz.ch\/fr\/themes\/lll-fr\/","title":{"rendered":"Lifelong Learning"},"content":{"rendered":"\t\t<div data-elementor-type=\"wp-page\" data-elementor-id=\"4036\" class=\"elementor elementor-4036 elementor-568\" data-elementor-post-type=\"page\">\n\t\t\t\t\t\t<section class=\"elementor-section elementor-top-section elementor-element elementor-element-ffe6bc0 elementor-section-stretched animated-slow elementor-section-boxed elementor-section-height-default elementor-section-height-default\" data-id=\"ffe6bc0\" data-element_type=\"section\" data-e-type=\"section\" data-settings=\"{&quot;background_background&quot;:&quot;classic&quot;,&quot;stretch_section&quot;:&quot;section-stretched&quot;,&quot;animation&quot;:&quot;none&quot;}\">\n\t\t\t\t\t\t<div class=\"elementor-container elementor-column-gap-default\">\n\t\t\t\t\t<div class=\"elementor-column elementor-col-100 elementor-top-column elementor-element elementor-element-f25fe5e\" data-id=\"f25fe5e\" data-element_type=\"column\" data-e-type=\"column\">\n\t\t\t<div class=\"elementor-widget-wrap elementor-element-populated\">\n\t\t\t\t\t\t<div class=\"elementor-element elementor-element-efec79c elementor-widget elementor-widget-text-editor\" data-id=\"efec79c\" data-element_type=\"widget\" data-e-type=\"widget\" data-widget_type=\"text-editor.default\">\n\t\t\t\t<div class=\"elementor-widget-container\">\n\t\t\t\t\t\t\t\t\t<h1 style=\"color: white;\">Comp\u00e9tences et Lifelong Learning<\/h1>\t\t\t\t\t\t\t\t<\/div>\n\t\t\t\t<\/div>\n\t\t\t\t\t<\/div>\n\t\t<\/div>\n\t\t\t\t\t<\/div>\n\t\t<\/section>\n\t\t\t\t<section class=\"elementor-section elementor-top-section elementor-element elementor-element-9fbd3f9 elementor-section-boxed elementor-section-height-default elementor-section-height-default\" data-id=\"9fbd3f9\" data-element_type=\"section\" data-e-type=\"section\">\n\t\t\t\t\t\t<div class=\"elementor-container elementor-column-gap-default\">\n\t\t\t\t\t<div class=\"elementor-column elementor-col-66 elementor-top-column elementor-element elementor-element-f3a0b6f animated-fast\" data-id=\"f3a0b6f\" data-element_type=\"column\" data-e-type=\"column\" data-settings=\"{&quot;animation&quot;:&quot;none&quot;}\">\n\t\t\t<div class=\"elementor-widget-wrap elementor-element-populated\">\n\t\t\t\t\t\t<div class=\"elementor-element elementor-element-c95f0c2 elementor-widget elementor-widget-image\" data-id=\"c95f0c2\" data-element_type=\"widget\" data-e-type=\"widget\" data-widget_type=\"image.default\">\n\t\t\t\t<div class=\"elementor-widget-container\">\n\t\t\t\t\t\t\t\t\t\t\t\t<figure class=\"wp-caption\">\n\t\t\t\t\t\t\t\t\t\t<img fetchpriority=\"high\" decoding=\"async\" width=\"1024\" height=\"683\" src=\"https:\/\/reci-fobbiz.ch\/wp-content\/uploads\/2022\/07\/Continuum-1024x683.jpg\" class=\"attachment-large size-large wp-image-3738\" alt=\"\" srcset=\"https:\/\/reci-fobbiz.ch\/wp-content\/uploads\/2022\/07\/Continuum-1024x683.jpg 1024w, https:\/\/reci-fobbiz.ch\/wp-content\/uploads\/2022\/07\/Continuum-300x200.jpg 300w, https:\/\/reci-fobbiz.ch\/wp-content\/uploads\/2022\/07\/Continuum-768x512.jpg 768w, https:\/\/reci-fobbiz.ch\/wp-content\/uploads\/2022\/07\/Continuum-1536x1024.jpg 1536w, https:\/\/reci-fobbiz.ch\/wp-content\/uploads\/2022\/07\/Continuum-2048x1365.jpg 2048w\" sizes=\"(max-width: 1024px) 100vw, 1024px\" \/>\t\t\t\t\t\t\t\t\t\t\t<figcaption class=\"widget-image-caption wp-caption-text\">\u00a9 Terre des Hommes Suisse, Senegal<\/figcaption>\n\t\t\t\t\t\t\t\t\t\t<\/figure>\n\t\t\t\t\t\t\t\t\t<\/div>\n\t\t\t\t<\/div>\n\t\t\t\t<div class=\"elementor-element elementor-element-20cac7b elementor-widget elementor-widget-text-editor\" data-id=\"20cac7b\" data-element_type=\"widget\" data-e-type=\"widget\" data-widget_type=\"text-editor.default\">\n\t\t\t\t<div class=\"elementor-widget-container\">\n\t\t\t\t\t\t\t\t\t<p class=\"p1\">Le groupe de travail \u00ab Comp\u00e9tences et Lifelong Learning (SLL) \u00bb s&rsquo;articule autour d&rsquo;un principe fondamental : l&rsquo;\u00e9ducation est un processus continu qui s&rsquo;\u00e9tend bien au-del\u00e0 des ann\u00e9es de scolarit\u00e9 formelle. L&rsquo;enseignement et la formation professionnels (EFP) jouent un r\u00f4le crucial dans l&rsquo;acquisition par les jeunes et les adultes de comp\u00e9tences solides et adapt\u00e9es \u00e0 l&rsquo;avenir, tant dans le monde du travail qu&rsquo;au-del\u00e0. Le groupe de travail vise \u00e0 promouvoir un discours critique sur la mise en place de syst\u00e8mes d&rsquo;enseignement et de formation (professionnels) centr\u00e9s sur l&rsquo;apprenant afin d&rsquo;am\u00e9liorer les connaissances et les aptitudes et tout au long de la vie (\u00ab\u00a0lifelong learning\u00a0\u00bb).<\/p><p>\u00a0<\/p><p class=\"p1\"><b>L\u2019orientation du groupe de travail SLL<\/b><\/p><p class=\"p1\">Le groupe de travail se concentre sur l&rsquo;enseignement secondaire et postsecondaire, ainsi que sur l&rsquo;\u00e9ducation non formelle, en accordant une attention particuli\u00e8re aux comp\u00e9tences professionnelles et transversales. Nous visons \u00e0 mettre en relation les acteurs du syst\u00e8me \u00e9ducatif suisse avec leurs homologues dans les pays partenaires o\u00f9 les membres du r\u00e9seau sont actifs et \u00e0 favoriser les \u00e9changes de connaissances entre les membres et les autres parties prenantes gr\u00e2ce \u00e0 l&rsquo;organisation d&rsquo;\u00e9v\u00e9nements en ligne et en pr\u00e9sentiel (voir ci-dessous).<\/p>\t\t\t\t\t\t\t\t<\/div>\n\t\t\t\t<\/div>\n\t\t\t\t\t<\/div>\n\t\t<\/div>\n\t\t\t\t<div class=\"elementor-column elementor-col-33 elementor-top-column elementor-element elementor-element-a8d2298\" data-id=\"a8d2298\" data-element_type=\"column\" data-e-type=\"column\" data-settings=\"{&quot;background_background&quot;:&quot;classic&quot;,&quot;animation&quot;:&quot;none&quot;,&quot;animation_delay&quot;:300}\">\n\t\t\t<div class=\"elementor-widget-wrap elementor-element-populated\">\n\t\t\t\t\t\t<div class=\"elementor-element elementor-element-cf48ef3 elementor-widget elementor-widget-text-editor\" data-id=\"cf48ef3\" data-element_type=\"widget\" data-e-type=\"widget\" data-widget_type=\"text-editor.default\">\n\t\t\t\t<div class=\"elementor-widget-container\">\n\t\t\t\t\t\t\t\t\t<h3>\u00c9v\u00e9nements<\/h3>\t\t\t\t\t\t\t\t<\/div>\n\t\t\t\t<\/div>\n\t\t\t\t<div class=\"elementor-element elementor-element-18f6c89 elementor-grid-1 elementor-grid-tablet-2 elementor-grid-mobile-1 elementor-widget elementor-widget-loop-grid\" data-id=\"18f6c89\" data-element_type=\"widget\" data-e-type=\"widget\" data-settings=\"{&quot;template_id&quot;:8139,&quot;columns&quot;:1,&quot;_skin&quot;:&quot;post&quot;,&quot;columns_tablet&quot;:&quot;2&quot;,&quot;columns_mobile&quot;:&quot;1&quot;,&quot;edit_handle_selector&quot;:&quot;[data-elementor-type=\\&quot;loop-item\\&quot;]&quot;,&quot;row_gap&quot;:{&quot;unit&quot;:&quot;px&quot;,&quot;size&quot;:&quot;&quot;,&quot;sizes&quot;:[]},&quot;row_gap_tablet&quot;:{&quot;unit&quot;:&quot;px&quot;,&quot;size&quot;:&quot;&quot;,&quot;sizes&quot;:[]},&quot;row_gap_mobile&quot;:{&quot;unit&quot;:&quot;px&quot;,&quot;size&quot;:&quot;&quot;,&quot;sizes&quot;:[]}}\" data-widget_type=\"loop-grid.post\">\n\t\t\t\t<div class=\"elementor-widget-container\">\n\t\t\t\t\t\t\t<div class=\"elementor-loop-container elementor-grid\" role=\"list\">\n\t\t<style id=\"loop-8139\">.elementor-8139 .elementor-element.elementor-element-32dd739:not(.elementor-motion-effects-element-type-background), .elementor-8139 .elementor-element.elementor-element-32dd739 > .elementor-motion-effects-container > .elementor-motion-effects-layer{background-color:var( --e-global-color-61c961c );}.elementor-8139 .elementor-element.elementor-element-32dd739{border-style:solid;border-width:0px 0px 5px 0px;border-color:var( --e-global-color-b0f7e91 );transition:background 0.3s, border 0.3s, border-radius 0.3s, box-shadow 0.3s;}.elementor-8139 .elementor-element.elementor-element-32dd739 > .elementor-background-overlay{transition:background 0.3s, border-radius 0.3s, opacity 0.3s;}.elementor-8139 .elementor-element.elementor-element-f6b27a0 > .elementor-element-populated{padding:30px 30px 30px 30px;}.elementor-widget-heading .elementor-heading-title{font-weight:var( --e-global-typography-primary-font-weight );color:var( --e-global-color-primary );}.elementor-8139 .elementor-element.elementor-element-06f3358 .elementor-heading-title{font-size:20px;font-weight:600;color:var( --e-global-color-secondary );}.elementor-widget-post-info .elementor-icon-list-item:not(:last-child):after{border-color:var( --e-global-color-text );}.elementor-widget-post-info .elementor-icon-list-icon i{color:var( --e-global-color-primary );}.elementor-widget-post-info .elementor-icon-list-icon svg{fill:var( --e-global-color-primary );}.elementor-widget-post-info .elementor-icon-list-text, .elementor-widget-post-info .elementor-icon-list-text a{color:var( --e-global-color-secondary );}.elementor-widget-post-info .elementor-icon-list-item{font-weight:var( --e-global-typography-text-font-weight );}.elementor-8139 .elementor-element.elementor-element-dbd8585 .elementor-icon-list-icon{width:14px;}.elementor-8139 .elementor-element.elementor-element-dbd8585 .elementor-icon-list-icon i{font-size:14px;}.elementor-8139 .elementor-element.elementor-element-dbd8585 .elementor-icon-list-icon svg{--e-icon-list-icon-size:14px;}.elementor-8139 .elementor-element.elementor-element-dbd8585 .elementor-icon-list-text, .elementor-8139 .elementor-element.elementor-element-dbd8585 .elementor-icon-list-text a{color:var( --e-global-color-text );}.elementor-widget-button .elementor-button{font-weight:var( --e-global-typography-accent-font-weight );background-color:var( --e-global-color-accent );}.elementor-8139 .elementor-element.elementor-element-3a93a5c .elementor-button{font-weight:400;fill:var( --e-global-color-accent );color:var( --e-global-color-accent );background-color:#B0316C00;box-shadow:0px 0px 10px 0px rgba(255, 255, 255, 0.5);padding:20px 10px 20px 0px;}.elementor-8139 .elementor-element.elementor-element-3a93a5c > .elementor-widget-container{padding:0px 0px 0px 0px;}@media(max-width:1024px){.elementor-8139 .elementor-element.elementor-element-06f3358 .elementor-heading-title{font-size:18px;}.elementor-8139 .elementor-element.elementor-element-3a93a5c .elementor-button{font-size:12px;}}<\/style>\t\t<div data-elementor-type=\"loop-item\" data-elementor-id=\"8139\" class=\"elementor elementor-8139 elementor-8135 elementor-8135 e-loop-item e-loop-item-18402 post-18402 events type-events status-publish has-post-thumbnail hentry event_categories-evenements-du-reci-fobbiz_fr event_tags-continuum-fr wpbf-post\" data-elementor-post-type=\"elementor_library\" data-custom-edit-handle=\"1\">\n\t\t\t\t\t<section class=\"elementor-section elementor-top-section elementor-element elementor-element-32dd739 elementor-section-height-min-height elementor-reverse-mobile elementor-section-boxed elementor-section-height-default elementor-section-items-middle\" data-id=\"32dd739\" data-element_type=\"section\" data-e-type=\"section\" data-settings=\"{&quot;background_background&quot;:&quot;classic&quot;}\">\n\t\t\t\t\t\t<div class=\"elementor-container elementor-column-gap-default\">\n\t\t\t\t\t<div class=\"elementor-column elementor-col-100 elementor-top-column elementor-element elementor-element-f6b27a0\" data-id=\"f6b27a0\" data-element_type=\"column\" data-e-type=\"column\">\n\t\t\t<div class=\"elementor-widget-wrap elementor-element-populated\">\n\t\t\t\t\t\t<div class=\"elementor-element elementor-element-06f3358 elementor-widget elementor-widget-heading\" data-id=\"06f3358\" data-element_type=\"widget\" data-e-type=\"widget\" data-widget_type=\"heading.default\">\n\t\t\t\t<div class=\"elementor-widget-container\">\n\t\t\t\t\t<h4 class=\"elementor-heading-title elementor-size-default\">ENTERPRIZE International \u2013 Mise au concours ouverte<\/h4>\t\t\t\t<\/div>\n\t\t\t\t<\/div>\n\t\t\t\t<div class=\"elementor-element elementor-element-dbd8585 elementor-widget elementor-widget-post-info\" data-id=\"dbd8585\" data-element_type=\"widget\" data-e-type=\"widget\" data-widget_type=\"post-info.default\">\n\t\t\t\t<div class=\"elementor-widget-container\">\n\t\t\t\t\t\t\t<ul class=\"elementor-inline-items elementor-icon-list-items elementor-post-info\">\n\t\t\t\t\t\t\t\t<li class=\"elementor-icon-list-item elementor-repeater-item-f259f55 elementor-inline-item\">\n\t\t\t\t\t\t\t\t\t\t<span class=\"elementor-icon-list-icon\">\n\t\t\t\t\t\t\t\t<i aria-hidden=\"true\" class=\"far fa-calendar-alt\"><\/i>\t\t\t\t\t\t\t<\/span>\n\t\t\t\t\t\t\t\t\t<span class=\"elementor-icon-list-text elementor-post-info__item elementor-post-info__item--type-custom\">\n\t\t\t\t\t\t\t\t\t\tnovembre 10, 2026\t\t\t\t\t<\/span>\n\t\t\t\t\t\t\t\t<\/li>\n\t\t\t\t<\/ul>\n\t\t\t\t\t\t<\/div>\n\t\t\t\t<\/div>\n\t\t\t\t<div class=\"elementor-element elementor-element-3a93a5c elementor-align-left elementor-widget elementor-widget-button\" data-id=\"3a93a5c\" data-element_type=\"widget\" data-e-type=\"widget\" data-widget_type=\"button.default\">\n\t\t\t\t<div class=\"elementor-widget-container\">\n\t\t\t\t\t\t\t\t\t<div class=\"elementor-button-wrapper\">\n\t\t\t\t\t<a class=\"elementor-button elementor-button-link elementor-size-sm\" href=\"https:\/\/reci-fobbiz.ch\/fr\/event\/enterprize-international-mise-au-concours-ouverte\/\">\n\t\t\t\t\t\t<span class=\"elementor-button-content-wrapper\">\n\t\t\t\t\t\t\t\t\t<span class=\"elementor-button-text\">En savoir plus \u276f<\/span>\n\t\t\t\t\t<\/span>\n\t\t\t\t\t<\/a>\n\t\t\t\t<\/div>\n\t\t\t\t\t\t\t\t<\/div>\n\t\t\t\t<\/div>\n\t\t\t\t\t<\/div>\n\t\t<\/div>\n\t\t\t\t\t<\/div>\n\t\t<\/section>\n\t\t\t\t<\/div>\n\t\t\t\t<\/div>\n\t\t\n\t\t\t\t\t\t<\/div>\n\t\t\t\t<\/div>\n\t\t\t\t<div class=\"elementor-element elementor-element-1b83b9f elementor-widget elementor-widget-button\" data-id=\"1b83b9f\" data-element_type=\"widget\" data-e-type=\"widget\" data-widget_type=\"button.default\">\n\t\t\t\t<div class=\"elementor-widget-container\">\n\t\t\t\t\t\t\t\t\t<div class=\"elementor-button-wrapper\">\n\t\t\t\t\t<a class=\"elementor-button elementor-button-link elementor-size-sm\" href=\"https:\/\/reci-education.ch\/fr\/event_tags\/continuum-fr\/\">\n\t\t\t\t\t\t<span class=\"elementor-button-content-wrapper\">\n\t\t\t\t\t\t<span class=\"elementor-button-icon\">\n\t\t\t\t<i aria-hidden=\"true\" class=\"fas fa-calendar-alt\"><\/i>\t\t\t<\/span>\n\t\t\t\t\t\t\t\t\t<span class=\"elementor-button-text\">Tous les \u00e9v\u00e9nements<\/span>\n\t\t\t\t\t<\/span>\n\t\t\t\t\t<\/a>\n\t\t\t\t<\/div>\n\t\t\t\t\t\t\t\t<\/div>\n\t\t\t\t<\/div>\n\t\t\t\t<div class=\"elementor-element elementor-element-da21e2d elementor-widget elementor-widget-text-editor\" data-id=\"da21e2d\" data-element_type=\"widget\" data-e-type=\"widget\" data-widget_type=\"text-editor.default\">\n\t\t\t\t<div class=\"elementor-widget-container\">\n\t\t\t\t\t\t\t\t\t<h3>Documents les plus r\u00e9cents<\/h3>\t\t\t\t\t\t\t\t<\/div>\n\t\t\t\t<\/div>\n\t\t\t\t<div class=\"elementor-element elementor-element-ca5caa7 elementor-widget elementor-widget-button\" data-id=\"ca5caa7\" data-element_type=\"widget\" data-e-type=\"widget\" data-widget_type=\"button.default\">\n\t\t\t\t<div class=\"elementor-widget-container\">\n\t\t\t\t\t\t\t\t\t<div class=\"elementor-button-wrapper\">\n\t\t\t\t\t<a class=\"elementor-button elementor-button-link elementor-size-sm\" href=\"https:\/\/reci-education.ch\/en\/document-category\/continuum-of-education-training-work-en\">\n\t\t\t\t\t\t<span class=\"elementor-button-content-wrapper\">\n\t\t\t\t\t\t<span class=\"elementor-button-icon\">\n\t\t\t\t<i aria-hidden=\"true\" class=\"fas fa-book\"><\/i>\t\t\t<\/span>\n\t\t\t\t\t\t\t\t\t<span class=\"elementor-button-text\">Tous les documents<\/span>\n\t\t\t\t\t<\/span>\n\t\t\t\t\t<\/a>\n\t\t\t\t<\/div>\n\t\t\t\t\t\t\t\t<\/div>\n\t\t\t\t<\/div>\n\t\t\t\t\t<\/div>\n\t\t<\/div>\n\t\t\t\t\t<\/div>\n\t\t<\/section>\n\t\t\t\t<\/div>\n\t\t","protected":false},"excerpt":{"rendered":"<p>Comp\u00e9tences et Lifelong Learning \u00a9 Terre des Hommes Suisse, Senegal Le groupe de travail \u00ab Comp\u00e9tences et Lifelong Learning (SLL) \u00bb s&rsquo;articule autour d&rsquo;un principe fondamental : l&rsquo;\u00e9ducation est un processus continu qui s&rsquo;\u00e9tend bien au-del\u00e0 des ann\u00e9es de scolarit\u00e9 formelle. L&rsquo;enseignement et la formation professionnels (EFP) jouent un r\u00f4le crucial dans l&rsquo;acquisition par les [&hellip;]<\/p>\n","protected":false},"author":1,"featured_media":0,"parent":4024,"menu_order":0,"comment_status":"closed","ping_status":"closed","template":"","meta":{"_acf_changed":false,"footnotes":""},"class_list":["post-4036","page","type-page","status-publish","hentry","wpbf-post"],"acf":[],"yoast_head":"<!-- This site is optimized with the Yoast SEO Premium plugin v26.2 (Yoast SEO v27.2) - https:\/\/yoast.com\/product\/yoast-seo-premium-wordpress\/ -->\n<title>RECI | Lifelong Learning<\/title>\n<meta name=\"robots\" content=\"index, follow, max-snippet:-1, max-image-preview:large, max-video-preview:-1\" \/>\n<link rel=\"canonical\" href=\"https:\/\/reci-fobbiz.ch\/fr\/themes\/lll-fr\/\" \/>\n<meta property=\"og:locale\" content=\"fr_FR\" \/>\n<meta property=\"og:type\" content=\"article\" \/>\n<meta property=\"og:title\" content=\"Lifelong Learning\" \/>\n<meta property=\"og:description\" content=\"Comp\u00e9tences et Lifelong Learning \u00a9 Terre des Hommes Suisse, Senegal Le groupe de travail \u00ab Comp\u00e9tences et Lifelong Learning (SLL) \u00bb s&rsquo;articule autour d&rsquo;un principe fondamental : l&rsquo;\u00e9ducation est un processus continu qui s&rsquo;\u00e9tend bien au-del\u00e0 des ann\u00e9es de scolarit\u00e9 formelle. L&rsquo;enseignement et la formation professionnels (EFP) jouent un r\u00f4le crucial dans l&rsquo;acquisition par les [&hellip;]\" \/>\n<meta property=\"og:url\" content=\"https:\/\/reci-fobbiz.ch\/fr\/themes\/lll-fr\/\" \/>\n<meta property=\"og:site_name\" content=\"RECI\" \/>\n<meta property=\"article:modified_time\" content=\"2026-02-19T09:44:23+00:00\" \/>\n<meta property=\"og:image\" content=\"https:\/\/reci-fobbiz.ch\/wp-content\/uploads\/2022\/07\/Continuum-1024x683.jpg\" \/>\n<meta name=\"twitter:card\" content=\"summary_large_image\" \/>\n<meta name=\"twitter:label1\" content=\"Dur\u00e9e de lecture estim\u00e9e\" \/>\n\t<meta name=\"twitter:data1\" content=\"2 minutes\" \/>\n<script type=\"application\/ld+json\" class=\"yoast-schema-graph\">{\"@context\":\"https:\/\/schema.org\",\"@graph\":[{\"@type\":\"WebPage\",\"@id\":\"https:\/\/reci-fobbiz.ch\/fr\/themes\/lll-fr\/\",\"url\":\"https:\/\/reci-fobbiz.ch\/fr\/themes\/lll-fr\/\",\"name\":\"RECI | Lifelong Learning\",\"isPartOf\":{\"@id\":\"https:\/\/reci-fobbiz.ch\/fr\/#website\"},\"primaryImageOfPage\":{\"@id\":\"https:\/\/reci-fobbiz.ch\/fr\/themes\/lll-fr\/#primaryimage\"},\"image\":{\"@id\":\"https:\/\/reci-fobbiz.ch\/fr\/themes\/lll-fr\/#primaryimage\"},\"thumbnailUrl\":\"https:\/\/reci-fobbiz.ch\/wp-content\/uploads\/2022\/07\/Continuum-1024x683.jpg\",\"datePublished\":\"2022-05-19T20:14:10+00:00\",\"dateModified\":\"2026-02-19T09:44:23+00:00\",\"breadcrumb\":{\"@id\":\"https:\/\/reci-fobbiz.ch\/fr\/themes\/lll-fr\/#breadcrumb\"},\"inLanguage\":\"fr-FR\",\"potentialAction\":[{\"@type\":\"ReadAction\",\"target\":[\"https:\/\/reci-fobbiz.ch\/fr\/themes\/lll-fr\/\"]}]},{\"@type\":\"ImageObject\",\"inLanguage\":\"fr-FR\",\"@id\":\"https:\/\/reci-fobbiz.ch\/fr\/themes\/lll-fr\/#primaryimage\",\"url\":\"https:\/\/reci-fobbiz.ch\/wp-content\/uploads\/2022\/07\/Continuum-1024x683.jpg\",\"contentUrl\":\"https:\/\/reci-fobbiz.ch\/wp-content\/uploads\/2022\/07\/Continuum-1024x683.jpg\"},{\"@type\":\"BreadcrumbList\",\"@id\":\"https:\/\/reci-fobbiz.ch\/fr\/themes\/lll-fr\/#breadcrumb\",\"itemListElement\":[{\"@type\":\"ListItem\",\"position\":1,\"name\":\"Startseite\",\"item\":\"https:\/\/reci-fobbiz.ch\/fr\/\"},{\"@type\":\"ListItem\",\"position\":2,\"name\":\"Th\u00e8mes\",\"item\":\"https:\/\/reci-fobbiz.ch\/fr\/themes\/\"},{\"@type\":\"ListItem\",\"position\":3,\"name\":\"Lifelong Learning\"}]},{\"@type\":\"WebSite\",\"@id\":\"https:\/\/reci-fobbiz.ch\/fr\/#website\",\"url\":\"https:\/\/reci-fobbiz.ch\/fr\/\",\"name\":\"RECI\",\"description\":\"Swiss Network for Education &amp; International Cooperation\",\"publisher\":{\"@id\":\"https:\/\/reci-fobbiz.ch\/fr\/#organization\"},\"alternateName\":\"RECI\",\"potentialAction\":[{\"@type\":\"SearchAction\",\"target\":{\"@type\":\"EntryPoint\",\"urlTemplate\":\"https:\/\/reci-fobbiz.ch\/fr\/?s={search_term_string}\"},\"query-input\":{\"@type\":\"PropertyValueSpecification\",\"valueRequired\":true,\"valueName\":\"search_term_string\"}}],\"inLanguage\":\"fr-FR\"},{\"@type\":\"Organization\",\"@id\":\"https:\/\/reci-fobbiz.ch\/fr\/#organization\",\"name\":\"RECI | Swiss Network for Education & International Cooperation\",\"alternateName\":\"RECI\",\"url\":\"https:\/\/reci-fobbiz.ch\/fr\/\",\"logo\":{\"@type\":\"ImageObject\",\"inLanguage\":\"fr-FR\",\"@id\":\"https:\/\/reci-fobbiz.ch\/fr\/#\/schema\/logo\/image\/\",\"url\":\"https:\/\/reci-fobbiz.ch\/wp-content\/uploads\/2023\/10\/Reci-Swiss-Network-for-Education-and-International-Cooperation.png\",\"contentUrl\":\"https:\/\/reci-fobbiz.ch\/wp-content\/uploads\/2023\/10\/Reci-Swiss-Network-for-Education-and-International-Cooperation.png\",\"width\":216,\"height\":216,\"caption\":\"RECI | Swiss Network for Education & International Cooperation\"},\"image\":{\"@id\":\"https:\/\/reci-fobbiz.ch\/fr\/#\/schema\/logo\/image\/\"},\"sameAs\":[\"https:\/\/www.linkedin.com\/company\/reci-swiss-network-for-education-and-international-cooperation\/\",\"https:\/\/www.youtube.com\/channel\/UCxP6ErTwaK-Z8EA7XtFiUvQ\"]}]}<\/script>\n<!-- \/ Yoast SEO Premium plugin. -->","yoast_head_json":{"title":"RECI | Lifelong Learning","robots":{"index":"index","follow":"follow","max-snippet":"max-snippet:-1","max-image-preview":"max-image-preview:large","max-video-preview":"max-video-preview:-1"},"canonical":"https:\/\/reci-fobbiz.ch\/fr\/themes\/lll-fr\/","og_locale":"fr_FR","og_type":"article","og_title":"Lifelong Learning","og_description":"Comp\u00e9tences et Lifelong Learning \u00a9 Terre des Hommes Suisse, Senegal Le groupe de travail \u00ab Comp\u00e9tences et Lifelong Learning (SLL) \u00bb s&rsquo;articule autour d&rsquo;un principe fondamental : l&rsquo;\u00e9ducation est un processus continu qui s&rsquo;\u00e9tend bien au-del\u00e0 des ann\u00e9es de scolarit\u00e9 formelle. L&rsquo;enseignement et la formation professionnels (EFP) jouent un r\u00f4le crucial dans l&rsquo;acquisition par les [&hellip;]","og_url":"https:\/\/reci-fobbiz.ch\/fr\/themes\/lll-fr\/","og_site_name":"RECI","article_modified_time":"2026-02-19T09:44:23+00:00","og_image":[{"url":"https:\/\/reci-fobbiz.ch\/wp-content\/uploads\/2022\/07\/Continuum-1024x683.jpg","type":"","width":"","height":""}],"twitter_card":"summary_large_image","twitter_misc":{"Dur\u00e9e de lecture estim\u00e9e":"2 minutes"},"schema":{"@context":"https:\/\/schema.org","@graph":[{"@type":"WebPage","@id":"https:\/\/reci-fobbiz.ch\/fr\/themes\/lll-fr\/","url":"https:\/\/reci-fobbiz.ch\/fr\/themes\/lll-fr\/","name":"RECI | Lifelong Learning","isPartOf":{"@id":"https:\/\/reci-fobbiz.ch\/fr\/#website"},"primaryImageOfPage":{"@id":"https:\/\/reci-fobbiz.ch\/fr\/themes\/lll-fr\/#primaryimage"},"image":{"@id":"https:\/\/reci-fobbiz.ch\/fr\/themes\/lll-fr\/#primaryimage"},"thumbnailUrl":"https:\/\/reci-fobbiz.ch\/wp-content\/uploads\/2022\/07\/Continuum-1024x683.jpg","datePublished":"2022-05-19T20:14:10+00:00","dateModified":"2026-02-19T09:44:23+00:00","breadcrumb":{"@id":"https:\/\/reci-fobbiz.ch\/fr\/themes\/lll-fr\/#breadcrumb"},"inLanguage":"fr-FR","potentialAction":[{"@type":"ReadAction","target":["https:\/\/reci-fobbiz.ch\/fr\/themes\/lll-fr\/"]}]},{"@type":"ImageObject","inLanguage":"fr-FR","@id":"https:\/\/reci-fobbiz.ch\/fr\/themes\/lll-fr\/#primaryimage","url":"https:\/\/reci-fobbiz.ch\/wp-content\/uploads\/2022\/07\/Continuum-1024x683.jpg","contentUrl":"https:\/\/reci-fobbiz.ch\/wp-content\/uploads\/2022\/07\/Continuum-1024x683.jpg"},{"@type":"BreadcrumbList","@id":"https:\/\/reci-fobbiz.ch\/fr\/themes\/lll-fr\/#breadcrumb","itemListElement":[{"@type":"ListItem","position":1,"name":"Startseite","item":"https:\/\/reci-fobbiz.ch\/fr\/"},{"@type":"ListItem","position":2,"name":"Th\u00e8mes","item":"https:\/\/reci-fobbiz.ch\/fr\/themes\/"},{"@type":"ListItem","position":3,"name":"Lifelong Learning"}]},{"@type":"WebSite","@id":"https:\/\/reci-fobbiz.ch\/fr\/#website","url":"https:\/\/reci-fobbiz.ch\/fr\/","name":"RECI","description":"Swiss Network for Education &amp; International Cooperation","publisher":{"@id":"https:\/\/reci-fobbiz.ch\/fr\/#organization"},"alternateName":"RECI","potentialAction":[{"@type":"SearchAction","target":{"@type":"EntryPoint","urlTemplate":"https:\/\/reci-fobbiz.ch\/fr\/?s={search_term_string}"},"query-input":{"@type":"PropertyValueSpecification","valueRequired":true,"valueName":"search_term_string"}}],"inLanguage":"fr-FR"},{"@type":"Organization","@id":"https:\/\/reci-fobbiz.ch\/fr\/#organization","name":"RECI | Swiss Network for Education & International Cooperation","alternateName":"RECI","url":"https:\/\/reci-fobbiz.ch\/fr\/","logo":{"@type":"ImageObject","inLanguage":"fr-FR","@id":"https:\/\/reci-fobbiz.ch\/fr\/#\/schema\/logo\/image\/","url":"https:\/\/reci-fobbiz.ch\/wp-content\/uploads\/2023\/10\/Reci-Swiss-Network-for-Education-and-International-Cooperation.png","contentUrl":"https:\/\/reci-fobbiz.ch\/wp-content\/uploads\/2023\/10\/Reci-Swiss-Network-for-Education-and-International-Cooperation.png","width":216,"height":216,"caption":"RECI | Swiss Network for Education & International Cooperation"},"image":{"@id":"https:\/\/reci-fobbiz.ch\/fr\/#\/schema\/logo\/image\/"},"sameAs":["https:\/\/www.linkedin.com\/company\/reci-swiss-network-for-education-and-international-cooperation\/","https:\/\/www.youtube.com\/channel\/UCxP6ErTwaK-Z8EA7XtFiUvQ"]}]}},"_links":{"self":[{"href":"https:\/\/reci-fobbiz.ch\/fr\/wp-json\/wp\/v2\/pages\/4036","targetHints":{"allow":["GET"]}}],"collection":[{"href":"https:\/\/reci-fobbiz.ch\/fr\/wp-json\/wp\/v2\/pages"}],"about":[{"href":"https:\/\/reci-fobbiz.ch\/fr\/wp-json\/wp\/v2\/types\/page"}],"author":[{"embeddable":true,"href":"https:\/\/reci-fobbiz.ch\/fr\/wp-json\/wp\/v2\/users\/1"}],"replies":[{"embeddable":true,"href":"https:\/\/reci-fobbiz.ch\/fr\/wp-json\/wp\/v2\/comments?post=4036"}],"version-history":[{"count":10,"href":"https:\/\/reci-fobbiz.ch\/fr\/wp-json\/wp\/v2\/pages\/4036\/revisions"}],"predecessor-version":[{"id":18381,"href":"https:\/\/reci-fobbiz.ch\/fr\/wp-json\/wp\/v2\/pages\/4036\/revisions\/18381"}],"up":[{"embeddable":true,"href":"https:\/\/reci-fobbiz.ch\/fr\/wp-json\/wp\/v2\/pages\/4024"}],"wp:attachment":[{"href":"https:\/\/reci-fobbiz.ch\/fr\/wp-json\/wp\/v2\/media?parent=4036"}],"curies":[{"name":"wp","href":"https:\/\/api.w.org\/{rel}","templated":true}]}}