{"id":745,"date":"2022-05-24T16:19:44","date_gmt":"2022-05-24T16:19:44","guid":{"rendered":"https:\/\/reci-education.ch\/?page_id=745"},"modified":"2024-04-04T11:28:44","modified_gmt":"2024-04-04T11:28:44","slug":"participatory","status":"publish","type":"page","link":"https:\/\/reci-fobbiz.ch\/de\/themen\/participatory\/","title":{"rendered":"Partizipative Methoden"},"content":{"rendered":"\t\t<div data-elementor-type=\"wp-page\" data-elementor-id=\"745\" class=\"elementor elementor-745\" data-elementor-post-type=\"page\">\n\t\t\t\t\t\t<section class=\"elementor-section elementor-top-section elementor-element elementor-element-388b05d elementor-section-stretched animated-slow elementor-section-boxed elementor-section-height-default elementor-section-height-default\" data-id=\"388b05d\" data-element_type=\"section\" data-e-type=\"section\" data-settings=\"{&quot;background_background&quot;:&quot;classic&quot;,&quot;stretch_section&quot;:&quot;section-stretched&quot;,&quot;animation&quot;:&quot;none&quot;}\">\n\t\t\t\t\t\t<div class=\"elementor-container elementor-column-gap-default\">\n\t\t\t\t\t<div class=\"elementor-column elementor-col-100 elementor-top-column elementor-element elementor-element-027eb80\" data-id=\"027eb80\" data-element_type=\"column\" data-e-type=\"column\">\n\t\t\t<div class=\"elementor-widget-wrap elementor-element-populated\">\n\t\t\t\t\t\t<div class=\"elementor-element elementor-element-a39f6f3 elementor-widget elementor-widget-text-editor\" data-id=\"a39f6f3\" data-element_type=\"widget\" data-e-type=\"widget\" data-widget_type=\"text-editor.default\">\n\t\t\t\t<div class=\"elementor-widget-container\">\n\t\t\t\t\t\t\t\t\t<h1 style=\"color: white;\">Partizipative Methoden<\/h1>\t\t\t\t\t\t\t\t<\/div>\n\t\t\t\t<\/div>\n\t\t\t\t\t<\/div>\n\t\t<\/div>\n\t\t\t\t\t<\/div>\n\t\t<\/section>\n\t\t\t\t<section class=\"elementor-section elementor-top-section elementor-element elementor-element-10b5544 elementor-section-boxed elementor-section-height-default elementor-section-height-default\" data-id=\"10b5544\" data-element_type=\"section\" data-e-type=\"section\" data-settings=\"{&quot;background_background&quot;:&quot;classic&quot;}\">\n\t\t\t\t\t\t<div class=\"elementor-container elementor-column-gap-default\">\n\t\t\t\t\t<div class=\"elementor-column elementor-col-66 elementor-top-column elementor-element elementor-element-78a383f animated-fast\" data-id=\"78a383f\" data-element_type=\"column\" data-e-type=\"column\" data-settings=\"{&quot;animation&quot;:&quot;none&quot;}\">\n\t\t\t<div class=\"elementor-widget-wrap elementor-element-populated\">\n\t\t\t\t\t\t<div class=\"elementor-element elementor-element-5ee88e6 elementor-widget elementor-widget-image\" data-id=\"5ee88e6\" data-element_type=\"widget\" data-e-type=\"widget\" data-widget_type=\"image.default\">\n\t\t\t\t<div class=\"elementor-widget-container\">\n\t\t\t\t\t\t\t\t\t\t\t\t<figure class=\"wp-caption\">\n\t\t\t\t\t\t\t\t\t\t<img fetchpriority=\"high\" decoding=\"async\" width=\"1024\" height=\"768\" src=\"https:\/\/reci-fobbiz.ch\/wp-content\/uploads\/2022\/07\/Partizipative-Methoden-1024x768.png\" class=\"attachment-large size-large wp-image-1991\" alt=\"\" srcset=\"https:\/\/reci-fobbiz.ch\/wp-content\/uploads\/2022\/07\/Partizipative-Methoden-1024x768.png 1024w, https:\/\/reci-fobbiz.ch\/wp-content\/uploads\/2022\/07\/Partizipative-Methoden-300x225.png 300w, https:\/\/reci-fobbiz.ch\/wp-content\/uploads\/2022\/07\/Partizipative-Methoden-768x576.png 768w, https:\/\/reci-fobbiz.ch\/wp-content\/uploads\/2022\/07\/Partizipative-Methoden-1536x1152.png 1536w, https:\/\/reci-fobbiz.ch\/wp-content\/uploads\/2022\/07\/Partizipative-Methoden-2048x1536.png 2048w\" sizes=\"(max-width: 1024px) 100vw, 1024px\" \/>\t\t\t\t\t\t\t\t\t\t\t<figcaption class=\"widget-image-caption wp-caption-text\">RECI Thematic Day 2021<\/figcaption>\n\t\t\t\t\t\t\t\t\t\t<\/figure>\n\t\t\t\t\t\t\t\t\t<\/div>\n\t\t\t\t<\/div>\n\t\t\t\t<div class=\"elementor-element elementor-element-4916aad elementor-widget elementor-widget-text-editor\" data-id=\"4916aad\" data-element_type=\"widget\" data-e-type=\"widget\" data-widget_type=\"text-editor.default\">\n\t\t\t\t<div class=\"elementor-widget-container\">\n\t\t\t\t\t\t\t\t\t<p>Das RECI hat sich zum Ziel gesetzt, nicht nur dar\u00fcber zu sprechen, welche interaktiven Methoden im Unterricht weltweit sinnvoll sind und wie sie am besten eingef\u00fchrt werden, sondern selber innovative, lernerzentrierte und partizipative Formen des gegenseitigen Lernens zu nutzen und die Methodenfertigkeiten im Netzwerk zu st\u00e4rken.<\/p><p>Es ist wichtig, dass Inhalt und Form aufeinander abgestimmt sind und dass die Teilnehmeden an RECI-Veranstaltungen die Herausforderungen und St\u00e4rken partizipativer Lernmethoden konkret erleben k\u00f6nnen.<\/p><p>Die lernerzentrierte P\u00e4dagogik basiert auf kollaborativen und kooperativen Lernmethoden, die den Lernenden die Verantwortung f\u00fcr ihr eigenes Lernen \u00fcbertragen. Diese P\u00e4dagogik entfernt sich vom Modell der Lehrperson als alleinigem Wissenstr\u00e4ger und erm\u00f6glicht es den Lernenden, gem\u00e4ss ihren eigenen einzigartigen Bed\u00fcrfnissen und Interessen zum Aufbau ihres Wissens beizutragen.<\/p>\t\t\t\t\t\t\t\t<\/div>\n\t\t\t\t<\/div>\n\t\t\t\t\t<\/div>\n\t\t<\/div>\n\t\t\t\t<div class=\"elementor-column elementor-col-33 elementor-top-column elementor-element elementor-element-0ffdb43\" data-id=\"0ffdb43\" data-element_type=\"column\" data-e-type=\"column\" data-settings=\"{&quot;background_background&quot;:&quot;classic&quot;,&quot;animation&quot;:&quot;none&quot;,&quot;animation_delay&quot;:300}\">\n\t\t\t<div class=\"elementor-widget-wrap elementor-element-populated\">\n\t\t\t\t\t\t<div class=\"elementor-element elementor-element-e14af14 elementor-grid-1 elementor-grid-tablet-2 elementor-grid-mobile-1 elementor-widget elementor-widget-loop-grid\" data-id=\"e14af14\" data-element_type=\"widget\" data-e-type=\"widget\" data-settings=\"{&quot;template_id&quot;:8190,&quot;columns&quot;:1,&quot;_skin&quot;:&quot;post&quot;,&quot;columns_tablet&quot;:&quot;2&quot;,&quot;columns_mobile&quot;:&quot;1&quot;,&quot;edit_handle_selector&quot;:&quot;[data-elementor-type=\\&quot;loop-item\\&quot;]&quot;,&quot;row_gap&quot;:{&quot;unit&quot;:&quot;px&quot;,&quot;size&quot;:&quot;&quot;,&quot;sizes&quot;:[]},&quot;row_gap_tablet&quot;:{&quot;unit&quot;:&quot;px&quot;,&quot;size&quot;:&quot;&quot;,&quot;sizes&quot;:[]},&quot;row_gap_mobile&quot;:{&quot;unit&quot;:&quot;px&quot;,&quot;size&quot;:&quot;&quot;,&quot;sizes&quot;:[]}}\" data-widget_type=\"loop-grid.post\">\n\t\t\t\t<div class=\"elementor-widget-container\">\n\t\t\t\t\t\t\t<div class=\"elementor-loop-container elementor-grid\" role=\"list\">\n\t\t<style id=\"loop-8190\">.elementor-8190 .elementor-element.elementor-element-32dd739:not(.elementor-motion-effects-element-type-background), .elementor-8190 .elementor-element.elementor-element-32dd739 > .elementor-motion-effects-container > .elementor-motion-effects-layer{background-color:var( --e-global-color-61c961c );}.elementor-8190 .elementor-element.elementor-element-32dd739{border-style:solid;border-width:0px 0px 5px 0px;border-color:var( --e-global-color-b0f7e91 );transition:background 0.3s, border 0.3s, border-radius 0.3s, box-shadow 0.3s;}.elementor-8190 .elementor-element.elementor-element-32dd739 > .elementor-background-overlay{transition:background 0.3s, border-radius 0.3s, opacity 0.3s;}.elementor-8190 .elementor-element.elementor-element-f6b27a0 > .elementor-element-populated{padding:30px 30px 30px 30px;}.elementor-widget-heading .elementor-heading-title{font-weight:var( --e-global-typography-primary-font-weight );color:var( --e-global-color-primary );}.elementor-8190 .elementor-element.elementor-element-06f3358 .elementor-heading-title{font-size:20px;font-weight:600;color:var( --e-global-color-secondary );}.elementor-widget-post-info .elementor-icon-list-item:not(:last-child):after{border-color:var( --e-global-color-text );}.elementor-widget-post-info .elementor-icon-list-icon i{color:var( --e-global-color-primary );}.elementor-widget-post-info .elementor-icon-list-icon svg{fill:var( --e-global-color-primary );}.elementor-widget-post-info .elementor-icon-list-text, .elementor-widget-post-info .elementor-icon-list-text a{color:var( --e-global-color-secondary );}.elementor-widget-post-info .elementor-icon-list-item{font-weight:var( --e-global-typography-text-font-weight );}.elementor-8190 .elementor-element.elementor-element-dbd8585 .elementor-icon-list-icon{width:14px;}.elementor-8190 .elementor-element.elementor-element-dbd8585 .elementor-icon-list-icon i{font-size:14px;}.elementor-8190 .elementor-element.elementor-element-dbd8585 .elementor-icon-list-icon svg{--e-icon-list-icon-size:14px;}.elementor-8190 .elementor-element.elementor-element-dbd8585 .elementor-icon-list-text, .elementor-8190 .elementor-element.elementor-element-dbd8585 .elementor-icon-list-text a{color:var( --e-global-color-text );}.elementor-widget-button .elementor-button{font-weight:var( --e-global-typography-accent-font-weight );background-color:var( --e-global-color-accent );}.elementor-8190 .elementor-element.elementor-element-3a93a5c .elementor-button{font-weight:400;fill:var( --e-global-color-accent );color:var( --e-global-color-accent );background-color:#B0316C00;box-shadow:0px 0px 10px 0px rgba(255, 255, 255, 0.5);padding:20px 10px 20px 0px;}.elementor-8190 .elementor-element.elementor-element-3a93a5c > .elementor-widget-container{padding:0px 0px 0px 0px;}@media(max-width:1024px){.elementor-8190 .elementor-element.elementor-element-06f3358 .elementor-heading-title{font-size:18px;}.elementor-8190 .elementor-element.elementor-element-3a93a5c .elementor-button{font-size:12px;}}<\/style>\t\t<div data-elementor-type=\"loop-item\" data-elementor-id=\"8190\" class=\"elementor elementor-8190 elementor-8135 elementor-8135 e-loop-item e-loop-item-16100 post-16100 events type-events status-publish has-post-thumbnail hentry event_categories-reci-fobbiz-events-en event_tags-continuum-en event_tags-eie-en event_tags-methods-en event_tags-td-en event_tags-ttqe-en wpbf-post\" data-elementor-post-type=\"elementor_library\" data-custom-edit-handle=\"1\">\n\t\t\t\t\t<section class=\"elementor-section elementor-top-section elementor-element elementor-element-32dd739 elementor-section-height-min-height elementor-reverse-mobile elementor-section-boxed elementor-section-height-default elementor-section-items-middle\" data-id=\"32dd739\" data-element_type=\"section\" data-e-type=\"section\" data-settings=\"{&quot;background_background&quot;:&quot;classic&quot;}\">\n\t\t\t\t\t\t<div class=\"elementor-container elementor-column-gap-default\">\n\t\t\t\t\t<div class=\"elementor-column elementor-col-100 elementor-top-column elementor-element elementor-element-f6b27a0\" data-id=\"f6b27a0\" data-element_type=\"column\" data-e-type=\"column\">\n\t\t\t<div class=\"elementor-widget-wrap elementor-element-populated\">\n\t\t\t\t\t\t<div class=\"elementor-element elementor-element-06f3358 elementor-widget elementor-widget-heading\" data-id=\"06f3358\" data-element_type=\"widget\" data-e-type=\"widget\" data-widget_type=\"heading.default\">\n\t\t\t\t<div class=\"elementor-widget-container\">\n\t\t\t\t\t<h4 class=\"elementor-heading-title elementor-size-default\">RECI Education Forum 2025<\/h4>\t\t\t\t<\/div>\n\t\t\t\t<\/div>\n\t\t\t\t<div class=\"elementor-element elementor-element-dbd8585 elementor-widget elementor-widget-post-info\" data-id=\"dbd8585\" data-element_type=\"widget\" data-e-type=\"widget\" data-widget_type=\"post-info.default\">\n\t\t\t\t<div class=\"elementor-widget-container\">\n\t\t\t\t\t\t\t<ul class=\"elementor-inline-items elementor-icon-list-items elementor-post-info\">\n\t\t\t\t\t\t\t\t<li class=\"elementor-icon-list-item elementor-repeater-item-f259f55 elementor-inline-item\">\n\t\t\t\t\t\t\t\t\t\t<span class=\"elementor-icon-list-icon\">\n\t\t\t\t\t\t\t\t<i aria-hidden=\"true\" class=\"far fa-calendar-alt\"><\/i>\t\t\t\t\t\t\t<\/span>\n\t\t\t\t\t\t\t\t\t<span class=\"elementor-icon-list-text elementor-post-info__item elementor-post-info__item--type-custom\">\n\t\t\t\t\t\t\t\t\t\tJuni 23, 2025\t\t\t\t\t<\/span>\n\t\t\t\t\t\t\t\t<\/li>\n\t\t\t\t<\/ul>\n\t\t\t\t\t\t<\/div>\n\t\t\t\t<\/div>\n\t\t\t\t<div class=\"elementor-element elementor-element-3a93a5c elementor-align-left elementor-widget elementor-widget-button\" data-id=\"3a93a5c\" data-element_type=\"widget\" data-e-type=\"widget\" data-widget_type=\"button.default\">\n\t\t\t\t<div class=\"elementor-widget-container\">\n\t\t\t\t\t\t\t\t\t<div class=\"elementor-button-wrapper\">\n\t\t\t\t\t<a class=\"elementor-button elementor-button-link elementor-size-sm\" href=\"https:\/\/reci-fobbiz.ch\/de\/event\/reci-education-forum-2025\/\">\n\t\t\t\t\t\t<span class=\"elementor-button-content-wrapper\">\n\t\t\t\t\t\t\t\t\t<span class=\"elementor-button-text\">Mehr erfahren \u276f<\/span>\n\t\t\t\t\t<\/span>\n\t\t\t\t\t<\/a>\n\t\t\t\t<\/div>\n\t\t\t\t\t\t\t\t<\/div>\n\t\t\t\t<\/div>\n\t\t\t\t\t<\/div>\n\t\t<\/div>\n\t\t\t\t\t<\/div>\n\t\t<\/section>\n\t\t\t\t<\/div>\n\t\t\t\t<\/div>\n\t\t\n\t\t\t\t\t\t<\/div>\n\t\t\t\t<\/div>\n\t\t\t\t<div class=\"elementor-element elementor-element-b639c47 elementor-widget elementor-widget-button\" data-id=\"b639c47\" data-element_type=\"widget\" data-e-type=\"widget\" data-widget_type=\"button.default\">\n\t\t\t\t<div class=\"elementor-widget-container\">\n\t\t\t\t\t\t\t\t\t<div class=\"elementor-button-wrapper\">\n\t\t\t\t\t<a class=\"elementor-button elementor-button-link elementor-size-sm\" href=\"https:\/\/reci-education.ch\/fr\/event_tags\/methods-en\">\n\t\t\t\t\t\t<span class=\"elementor-button-content-wrapper\">\n\t\t\t\t\t\t<span class=\"elementor-button-icon\">\n\t\t\t\t<i aria-hidden=\"true\" class=\"fas fa-book\"><\/i>\t\t\t<\/span>\n\t\t\t\t\t\t\t\t\t<span class=\"elementor-button-text\">Alle Events<\/span>\n\t\t\t\t\t<\/span>\n\t\t\t\t\t<\/a>\n\t\t\t\t<\/div>\n\t\t\t\t\t\t\t\t<\/div>\n\t\t\t\t<\/div>\n\t\t\t\t<div class=\"elementor-element elementor-element-0244d02 elementor-widget elementor-widget-text-editor\" data-id=\"0244d02\" data-element_type=\"widget\" data-e-type=\"widget\" data-widget_type=\"text-editor.default\">\n\t\t\t\t<div class=\"elementor-widget-container\">\n\t\t\t\t\t\t\t\t\t<h3>Dokumente<\/h3>\t\t\t\t\t\t\t\t<\/div>\n\t\t\t\t<\/div>\n\t\t\t\t<div class=\"elementor-element elementor-element-eda4ef3 elementor-widget elementor-widget-button\" data-id=\"eda4ef3\" data-element_type=\"widget\" data-e-type=\"widget\" data-widget_type=\"button.default\">\n\t\t\t\t<div class=\"elementor-widget-container\">\n\t\t\t\t\t\t\t\t\t<div class=\"elementor-button-wrapper\">\n\t\t\t\t\t<a class=\"elementor-button elementor-button-link elementor-size-sm\" href=\"https:\/\/reci-education.ch\/en\/document-category\/practical-tools-en\/\">\n\t\t\t\t\t\t<span class=\"elementor-button-content-wrapper\">\n\t\t\t\t\t\t<span class=\"elementor-button-icon\">\n\t\t\t\t<i aria-hidden=\"true\" class=\"fas fa-book\"><\/i>\t\t\t<\/span>\n\t\t\t\t\t\t\t\t\t<span class=\"elementor-button-text\">Alle Dokumente<\/span>\n\t\t\t\t\t<\/span>\n\t\t\t\t\t<\/a>\n\t\t\t\t<\/div>\n\t\t\t\t\t\t\t\t<\/div>\n\t\t\t\t<\/div>\n\t\t\t\t\t<\/div>\n\t\t<\/div>\n\t\t\t\t\t<\/div>\n\t\t<\/section>\n\t\t\t\t<\/div>\n\t\t","protected":false},"excerpt":{"rendered":"<p>Partizipative Methoden RECI Thematic Day 2021 Das RECI hat sich zum Ziel gesetzt, nicht nur dar\u00fcber zu sprechen, welche interaktiven Methoden im Unterricht weltweit sinnvoll sind und wie sie am besten eingef\u00fchrt werden, sondern selber innovative, lernerzentrierte und partizipative Formen des gegenseitigen Lernens zu nutzen und die Methodenfertigkeiten im Netzwerk zu st\u00e4rken. Es ist wichtig, [&hellip;]<\/p>\n","protected":false},"author":1,"featured_media":0,"parent":44,"menu_order":0,"comment_status":"closed","ping_status":"closed","template":"","meta":{"_acf_changed":false,"footnotes":""},"class_list":["post-745","page","type-page","status-publish","hentry","wpbf-post"],"acf":[],"yoast_head":"<!-- This site is optimized with the Yoast SEO Premium plugin v26.2 (Yoast SEO v27.2) - https:\/\/yoast.com\/product\/yoast-seo-premium-wordpress\/ -->\n<title>RECI | Partizipative Methoden<\/title>\n<meta name=\"robots\" content=\"index, follow, max-snippet:-1, max-image-preview:large, max-video-preview:-1\" \/>\n<link rel=\"canonical\" href=\"https:\/\/reci-fobbiz.ch\/de\/themen\/participatory\/\" \/>\n<meta property=\"og:locale\" content=\"de_DE\" \/>\n<meta property=\"og:type\" content=\"article\" \/>\n<meta property=\"og:title\" content=\"Partizipative Methoden\" \/>\n<meta property=\"og:description\" content=\"Partizipative Methoden RECI Thematic Day 2021 Das RECI hat sich zum Ziel gesetzt, nicht nur dar\u00fcber zu sprechen, welche interaktiven Methoden im Unterricht weltweit sinnvoll sind und wie sie am besten eingef\u00fchrt werden, sondern selber innovative, lernerzentrierte und partizipative Formen des gegenseitigen Lernens zu nutzen und die Methodenfertigkeiten im Netzwerk zu st\u00e4rken. Es ist wichtig, [&hellip;]\" \/>\n<meta property=\"og:url\" content=\"https:\/\/reci-fobbiz.ch\/de\/themen\/participatory\/\" \/>\n<meta property=\"og:site_name\" content=\"RECI\" \/>\n<meta property=\"article:modified_time\" content=\"2024-04-04T11:28:44+00:00\" \/>\n<meta property=\"og:image\" content=\"https:\/\/reci-fobbiz.ch\/wp-content\/uploads\/2022\/07\/Partizipative-Methoden-1024x768.png\" \/>\n<meta name=\"twitter:card\" content=\"summary_large_image\" \/>\n<meta name=\"twitter:label1\" content=\"Gesch\u00e4tzte Lesezeit\" \/>\n\t<meta name=\"twitter:data1\" content=\"1\u00a0Minute\" \/>\n<script type=\"application\/ld+json\" class=\"yoast-schema-graph\">{\"@context\":\"https:\/\/schema.org\",\"@graph\":[{\"@type\":\"WebPage\",\"@id\":\"https:\/\/reci-fobbiz.ch\/de\/themen\/participatory\/\",\"url\":\"https:\/\/reci-fobbiz.ch\/de\/themen\/participatory\/\",\"name\":\"RECI | Partizipative Methoden\",\"isPartOf\":{\"@id\":\"https:\/\/reci-fobbiz.ch\/de\/#website\"},\"primaryImageOfPage\":{\"@id\":\"https:\/\/reci-fobbiz.ch\/de\/themen\/participatory\/#primaryimage\"},\"image\":{\"@id\":\"https:\/\/reci-fobbiz.ch\/de\/themen\/participatory\/#primaryimage\"},\"thumbnailUrl\":\"https:\/\/reci-fobbiz.ch\/wp-content\/uploads\/2022\/07\/Partizipative-Methoden-1024x768.png\",\"datePublished\":\"2022-05-24T16:19:44+00:00\",\"dateModified\":\"2024-04-04T11:28:44+00:00\",\"breadcrumb\":{\"@id\":\"https:\/\/reci-fobbiz.ch\/de\/themen\/participatory\/#breadcrumb\"},\"inLanguage\":\"de\",\"potentialAction\":[{\"@type\":\"ReadAction\",\"target\":[\"https:\/\/reci-fobbiz.ch\/de\/themen\/participatory\/\"]}]},{\"@type\":\"ImageObject\",\"inLanguage\":\"de\",\"@id\":\"https:\/\/reci-fobbiz.ch\/de\/themen\/participatory\/#primaryimage\",\"url\":\"https:\/\/reci-fobbiz.ch\/wp-content\/uploads\/2022\/07\/Partizipative-Methoden-1024x768.png\",\"contentUrl\":\"https:\/\/reci-fobbiz.ch\/wp-content\/uploads\/2022\/07\/Partizipative-Methoden-1024x768.png\"},{\"@type\":\"BreadcrumbList\",\"@id\":\"https:\/\/reci-fobbiz.ch\/de\/themen\/participatory\/#breadcrumb\",\"itemListElement\":[{\"@type\":\"ListItem\",\"position\":1,\"name\":\"Startseite\",\"item\":\"https:\/\/reci-fobbiz.ch\/de\/\"},{\"@type\":\"ListItem\",\"position\":2,\"name\":\"Themen\",\"item\":\"https:\/\/reci-fobbiz.ch\/de\/themen\/\"},{\"@type\":\"ListItem\",\"position\":3,\"name\":\"Partizipative Methoden\"}]},{\"@type\":\"WebSite\",\"@id\":\"https:\/\/reci-fobbiz.ch\/de\/#website\",\"url\":\"https:\/\/reci-fobbiz.ch\/de\/\",\"name\":\"RECI\",\"description\":\"Swiss Network for Education &amp; International Cooperation\",\"publisher\":{\"@id\":\"https:\/\/reci-fobbiz.ch\/de\/#organization\"},\"alternateName\":\"RECI\",\"potentialAction\":[{\"@type\":\"SearchAction\",\"target\":{\"@type\":\"EntryPoint\",\"urlTemplate\":\"https:\/\/reci-fobbiz.ch\/de\/?s={search_term_string}\"},\"query-input\":{\"@type\":\"PropertyValueSpecification\",\"valueRequired\":true,\"valueName\":\"search_term_string\"}}],\"inLanguage\":\"de\"},{\"@type\":\"Organization\",\"@id\":\"https:\/\/reci-fobbiz.ch\/de\/#organization\",\"name\":\"RECI | Swiss Network for Education & International Cooperation\",\"alternateName\":\"RECI\",\"url\":\"https:\/\/reci-fobbiz.ch\/de\/\",\"logo\":{\"@type\":\"ImageObject\",\"inLanguage\":\"de\",\"@id\":\"https:\/\/reci-fobbiz.ch\/de\/#\/schema\/logo\/image\/\",\"url\":\"https:\/\/reci-fobbiz.ch\/wp-content\/uploads\/2023\/10\/Reci-Swiss-Network-for-Education-and-International-Cooperation.png\",\"contentUrl\":\"https:\/\/reci-fobbiz.ch\/wp-content\/uploads\/2023\/10\/Reci-Swiss-Network-for-Education-and-International-Cooperation.png\",\"width\":216,\"height\":216,\"caption\":\"RECI | Swiss Network for Education & International Cooperation\"},\"image\":{\"@id\":\"https:\/\/reci-fobbiz.ch\/de\/#\/schema\/logo\/image\/\"},\"sameAs\":[\"https:\/\/www.linkedin.com\/company\/reci-swiss-network-for-education-and-international-cooperation\/\",\"https:\/\/www.youtube.com\/channel\/UCxP6ErTwaK-Z8EA7XtFiUvQ\"]}]}<\/script>\n<!-- \/ Yoast SEO Premium plugin. -->","yoast_head_json":{"title":"RECI | Partizipative Methoden","robots":{"index":"index","follow":"follow","max-snippet":"max-snippet:-1","max-image-preview":"max-image-preview:large","max-video-preview":"max-video-preview:-1"},"canonical":"https:\/\/reci-fobbiz.ch\/de\/themen\/participatory\/","og_locale":"de_DE","og_type":"article","og_title":"Partizipative Methoden","og_description":"Partizipative Methoden RECI Thematic Day 2021 Das RECI hat sich zum Ziel gesetzt, nicht nur dar\u00fcber zu sprechen, welche interaktiven Methoden im Unterricht weltweit sinnvoll sind und wie sie am besten eingef\u00fchrt werden, sondern selber innovative, lernerzentrierte und partizipative Formen des gegenseitigen Lernens zu nutzen und die Methodenfertigkeiten im Netzwerk zu st\u00e4rken. Es ist wichtig, [&hellip;]","og_url":"https:\/\/reci-fobbiz.ch\/de\/themen\/participatory\/","og_site_name":"RECI","article_modified_time":"2024-04-04T11:28:44+00:00","og_image":[{"url":"https:\/\/reci-fobbiz.ch\/wp-content\/uploads\/2022\/07\/Partizipative-Methoden-1024x768.png","type":"","width":"","height":""}],"twitter_card":"summary_large_image","twitter_misc":{"Gesch\u00e4tzte Lesezeit":"1\u00a0Minute"},"schema":{"@context":"https:\/\/schema.org","@graph":[{"@type":"WebPage","@id":"https:\/\/reci-fobbiz.ch\/de\/themen\/participatory\/","url":"https:\/\/reci-fobbiz.ch\/de\/themen\/participatory\/","name":"RECI | Partizipative Methoden","isPartOf":{"@id":"https:\/\/reci-fobbiz.ch\/de\/#website"},"primaryImageOfPage":{"@id":"https:\/\/reci-fobbiz.ch\/de\/themen\/participatory\/#primaryimage"},"image":{"@id":"https:\/\/reci-fobbiz.ch\/de\/themen\/participatory\/#primaryimage"},"thumbnailUrl":"https:\/\/reci-fobbiz.ch\/wp-content\/uploads\/2022\/07\/Partizipative-Methoden-1024x768.png","datePublished":"2022-05-24T16:19:44+00:00","dateModified":"2024-04-04T11:28:44+00:00","breadcrumb":{"@id":"https:\/\/reci-fobbiz.ch\/de\/themen\/participatory\/#breadcrumb"},"inLanguage":"de","potentialAction":[{"@type":"ReadAction","target":["https:\/\/reci-fobbiz.ch\/de\/themen\/participatory\/"]}]},{"@type":"ImageObject","inLanguage":"de","@id":"https:\/\/reci-fobbiz.ch\/de\/themen\/participatory\/#primaryimage","url":"https:\/\/reci-fobbiz.ch\/wp-content\/uploads\/2022\/07\/Partizipative-Methoden-1024x768.png","contentUrl":"https:\/\/reci-fobbiz.ch\/wp-content\/uploads\/2022\/07\/Partizipative-Methoden-1024x768.png"},{"@type":"BreadcrumbList","@id":"https:\/\/reci-fobbiz.ch\/de\/themen\/participatory\/#breadcrumb","itemListElement":[{"@type":"ListItem","position":1,"name":"Startseite","item":"https:\/\/reci-fobbiz.ch\/de\/"},{"@type":"ListItem","position":2,"name":"Themen","item":"https:\/\/reci-fobbiz.ch\/de\/themen\/"},{"@type":"ListItem","position":3,"name":"Partizipative Methoden"}]},{"@type":"WebSite","@id":"https:\/\/reci-fobbiz.ch\/de\/#website","url":"https:\/\/reci-fobbiz.ch\/de\/","name":"RECI","description":"Swiss Network for Education &amp; International Cooperation","publisher":{"@id":"https:\/\/reci-fobbiz.ch\/de\/#organization"},"alternateName":"RECI","potentialAction":[{"@type":"SearchAction","target":{"@type":"EntryPoint","urlTemplate":"https:\/\/reci-fobbiz.ch\/de\/?s={search_term_string}"},"query-input":{"@type":"PropertyValueSpecification","valueRequired":true,"valueName":"search_term_string"}}],"inLanguage":"de"},{"@type":"Organization","@id":"https:\/\/reci-fobbiz.ch\/de\/#organization","name":"RECI | Swiss Network for Education & International Cooperation","alternateName":"RECI","url":"https:\/\/reci-fobbiz.ch\/de\/","logo":{"@type":"ImageObject","inLanguage":"de","@id":"https:\/\/reci-fobbiz.ch\/de\/#\/schema\/logo\/image\/","url":"https:\/\/reci-fobbiz.ch\/wp-content\/uploads\/2023\/10\/Reci-Swiss-Network-for-Education-and-International-Cooperation.png","contentUrl":"https:\/\/reci-fobbiz.ch\/wp-content\/uploads\/2023\/10\/Reci-Swiss-Network-for-Education-and-International-Cooperation.png","width":216,"height":216,"caption":"RECI | Swiss Network for Education & International Cooperation"},"image":{"@id":"https:\/\/reci-fobbiz.ch\/de\/#\/schema\/logo\/image\/"},"sameAs":["https:\/\/www.linkedin.com\/company\/reci-swiss-network-for-education-and-international-cooperation\/","https:\/\/www.youtube.com\/channel\/UCxP6ErTwaK-Z8EA7XtFiUvQ"]}]}},"_links":{"self":[{"href":"https:\/\/reci-fobbiz.ch\/de\/wp-json\/wp\/v2\/pages\/745","targetHints":{"allow":["GET"]}}],"collection":[{"href":"https:\/\/reci-fobbiz.ch\/de\/wp-json\/wp\/v2\/pages"}],"about":[{"href":"https:\/\/reci-fobbiz.ch\/de\/wp-json\/wp\/v2\/types\/page"}],"author":[{"embeddable":true,"href":"https:\/\/reci-fobbiz.ch\/de\/wp-json\/wp\/v2\/users\/1"}],"replies":[{"embeddable":true,"href":"https:\/\/reci-fobbiz.ch\/de\/wp-json\/wp\/v2\/comments?post=745"}],"version-history":[{"count":10,"href":"https:\/\/reci-fobbiz.ch\/de\/wp-json\/wp\/v2\/pages\/745\/revisions"}],"predecessor-version":[{"id":14198,"href":"https:\/\/reci-fobbiz.ch\/de\/wp-json\/wp\/v2\/pages\/745\/revisions\/14198"}],"up":[{"embeddable":true,"href":"https:\/\/reci-fobbiz.ch\/de\/wp-json\/wp\/v2\/pages\/44"}],"wp:attachment":[{"href":"https:\/\/reci-fobbiz.ch\/de\/wp-json\/wp\/v2\/media?parent=745"}],"curies":[{"name":"wp","href":"https:\/\/api.w.org\/{rel}","templated":true}]}}