{"id":720,"date":"2022-05-24T16:17:50","date_gmt":"2022-05-24T16:17:50","guid":{"rendered":"https:\/\/reci-education.ch\/?page_id=720"},"modified":"2024-02-01T11:15:37","modified_gmt":"2024-02-01T11:15:37","slug":"bildung-in-krisensituationen","status":"publish","type":"page","link":"https:\/\/reci-fobbiz.ch\/de\/themen\/bildung-in-krisensituationen\/","title":{"rendered":"Bildung in Krisensituationen"},"content":{"rendered":"\t\t<div data-elementor-type=\"wp-page\" data-elementor-id=\"720\" class=\"elementor elementor-720\" data-elementor-post-type=\"page\">\n\t\t\t\t\t\t<section class=\"elementor-section elementor-top-section elementor-element elementor-element-d82d163 elementor-section-stretched animated-slow elementor-section-boxed elementor-section-height-default elementor-section-height-default\" data-id=\"d82d163\" data-element_type=\"section\" data-e-type=\"section\" data-settings=\"{&quot;background_background&quot;:&quot;classic&quot;,&quot;stretch_section&quot;:&quot;section-stretched&quot;,&quot;animation&quot;:&quot;none&quot;}\">\n\t\t\t\t\t\t<div class=\"elementor-container elementor-column-gap-default\">\n\t\t\t\t\t<div class=\"elementor-column elementor-col-100 elementor-top-column elementor-element elementor-element-3c3a37e\" data-id=\"3c3a37e\" data-element_type=\"column\" data-e-type=\"column\">\n\t\t\t<div class=\"elementor-widget-wrap elementor-element-populated\">\n\t\t\t\t\t\t<div class=\"elementor-element elementor-element-ac19e89 elementor-widget elementor-widget-text-editor\" data-id=\"ac19e89\" data-element_type=\"widget\" data-e-type=\"widget\" data-widget_type=\"text-editor.default\">\n\t\t\t\t<div class=\"elementor-widget-container\">\n\t\t\t\t\t\t\t\t\t<h1 style=\"color: white;\">Bildung in Krisensituationen<\/h1>\t\t\t\t\t\t\t\t<\/div>\n\t\t\t\t<\/div>\n\t\t\t\t\t<\/div>\n\t\t<\/div>\n\t\t\t\t\t<\/div>\n\t\t<\/section>\n\t\t\t\t<section class=\"elementor-section elementor-top-section elementor-element elementor-element-34a70db elementor-section-boxed elementor-section-height-default elementor-section-height-default\" data-id=\"34a70db\" data-element_type=\"section\" data-e-type=\"section\">\n\t\t\t\t\t\t<div class=\"elementor-container elementor-column-gap-default\">\n\t\t\t\t\t<div class=\"elementor-column elementor-col-66 elementor-top-column elementor-element elementor-element-d236234 animated-fast\" data-id=\"d236234\" data-element_type=\"column\" data-e-type=\"column\" data-settings=\"{&quot;animation&quot;:&quot;none&quot;}\">\n\t\t\t<div class=\"elementor-widget-wrap elementor-element-populated\">\n\t\t\t\t\t\t<div class=\"elementor-element elementor-element-d28dfe6 elementor-widget elementor-widget-image\" data-id=\"d28dfe6\" data-element_type=\"widget\" data-e-type=\"widget\" data-widget_type=\"image.default\">\n\t\t\t\t<div class=\"elementor-widget-container\">\n\t\t\t\t\t\t\t\t\t\t\t\t<figure class=\"wp-caption\">\n\t\t\t\t\t\t\t\t\t\t<img fetchpriority=\"high\" decoding=\"async\" width=\"1024\" height=\"683\" src=\"https:\/\/reci-fobbiz.ch\/wp-content\/uploads\/2022\/07\/Education-in-emergency-1024x683.jpg\" class=\"attachment-large size-large wp-image-1974\" alt=\"\" srcset=\"https:\/\/reci-fobbiz.ch\/wp-content\/uploads\/2022\/07\/Education-in-emergency-1024x683.jpg 1024w, https:\/\/reci-fobbiz.ch\/wp-content\/uploads\/2022\/07\/Education-in-emergency-300x200.jpg 300w, https:\/\/reci-fobbiz.ch\/wp-content\/uploads\/2022\/07\/Education-in-emergency-768x512.jpg 768w, https:\/\/reci-fobbiz.ch\/wp-content\/uploads\/2022\/07\/Education-in-emergency-1536x1024.jpg 1536w, https:\/\/reci-fobbiz.ch\/wp-content\/uploads\/2022\/07\/Education-in-emergency-2048x1366.jpg 2048w\" sizes=\"(max-width: 1024px) 100vw, 1024px\" \/>\t\t\t\t\t\t\t\t\t\t\t<figcaption class=\"widget-image-caption wp-caption-text\">\u00a9 Save the Children, Indonesia, 2018<\/figcaption>\n\t\t\t\t\t\t\t\t\t\t<\/figure>\n\t\t\t\t\t\t\t\t\t<\/div>\n\t\t\t\t<\/div>\n\t\t\t\t<div class=\"elementor-element elementor-element-fe46705 elementor-widget elementor-widget-text-editor\" data-id=\"fe46705\" data-element_type=\"widget\" data-e-type=\"widget\" data-widget_type=\"text-editor.default\">\n\t\t\t\t<div class=\"elementor-widget-container\">\n\t\t\t\t\t\t\t\t\t<p>Kinder und Jugendliche haben ein Recht auf Bildung, auch in Krisensituationen. Dennoch gehen derzeit 72 Millionen krisenbetroffene Kinder und Jugendliche nicht zur Schule, wobei die Mehrheit, n\u00e4mlich 84 %, in anhaltenden Krisen lebt. Programme f\u00fcr Bildung in Krisensituationen sind darauf ausgerichtet, die Hindernisse, welche solche Notsituationen mit sich bringen, zu reduzieren, Bildungsunterbr\u00fcche zu vermeiden und, wann immer m\u00f6glich, die Qualit\u00e4t der Bildung zu verbessern und gleichzeitig Kinderschutzanliegen zu ber\u00fccksichtigen. RECI bietet eine Plattform, um relevante Themen im Bereich Bildung in Krisensituationen unter seinen Mitgliedern und Partnern zu diskutieren. In der Vergangenheit wurden bereits Veranstaltungen und Diskussionen zu Bildung im Fl\u00fcchtlings- und Migrationskontext, Bildung im Kontext des Nexus (humanit\u00e4re Hilfe, Entwicklung und Frieden) sowie zu geschlechtersensibler Bildung in Krisensituationen organisiert.<\/p>\t\t\t\t\t\t\t\t<\/div>\n\t\t\t\t<\/div>\n\t\t\t\t\t<\/div>\n\t\t<\/div>\n\t\t\t\t<div class=\"elementor-column elementor-col-33 elementor-top-column elementor-element elementor-element-67a0d01\" data-id=\"67a0d01\" data-element_type=\"column\" data-e-type=\"column\" data-settings=\"{&quot;background_background&quot;:&quot;classic&quot;,&quot;animation&quot;:&quot;none&quot;,&quot;animation_delay&quot;:300}\">\n\t\t\t<div class=\"elementor-widget-wrap elementor-element-populated\">\n\t\t\t\t\t\t<div class=\"elementor-element elementor-element-d079021 elementor-widget elementor-widget-text-editor\" data-id=\"d079021\" data-element_type=\"widget\" data-e-type=\"widget\" data-widget_type=\"text-editor.default\">\n\t\t\t\t<div class=\"elementor-widget-container\">\n\t\t\t\t\t\t\t\t\t<h3>Events<\/h3>\t\t\t\t\t\t\t\t<\/div>\n\t\t\t\t<\/div>\n\t\t\t\t<div class=\"elementor-element elementor-element-2f682ab elementor-grid-1 elementor-grid-tablet-2 elementor-grid-mobile-1 elementor-widget elementor-widget-loop-grid\" data-id=\"2f682ab\" data-element_type=\"widget\" data-e-type=\"widget\" data-settings=\"{&quot;template_id&quot;:8190,&quot;columns&quot;:1,&quot;_skin&quot;:&quot;post&quot;,&quot;columns_tablet&quot;:&quot;2&quot;,&quot;columns_mobile&quot;:&quot;1&quot;,&quot;edit_handle_selector&quot;:&quot;[data-elementor-type=\\&quot;loop-item\\&quot;]&quot;,&quot;row_gap&quot;:{&quot;unit&quot;:&quot;px&quot;,&quot;size&quot;:&quot;&quot;,&quot;sizes&quot;:[]},&quot;row_gap_tablet&quot;:{&quot;unit&quot;:&quot;px&quot;,&quot;size&quot;:&quot;&quot;,&quot;sizes&quot;:[]},&quot;row_gap_mobile&quot;:{&quot;unit&quot;:&quot;px&quot;,&quot;size&quot;:&quot;&quot;,&quot;sizes&quot;:[]}}\" data-widget_type=\"loop-grid.post\">\n\t\t\t\t<div class=\"elementor-widget-container\">\n\t\t\t\t\t\t\t<div class=\"elementor-loop-container elementor-grid\" role=\"list\">\n\t\t<style id=\"loop-8190\">.elementor-8190 .elementor-element.elementor-element-32dd739:not(.elementor-motion-effects-element-type-background), .elementor-8190 .elementor-element.elementor-element-32dd739 > .elementor-motion-effects-container > .elementor-motion-effects-layer{background-color:var( --e-global-color-61c961c );}.elementor-8190 .elementor-element.elementor-element-32dd739{border-style:solid;border-width:0px 0px 5px 0px;border-color:var( --e-global-color-b0f7e91 );transition:background 0.3s, border 0.3s, border-radius 0.3s, box-shadow 0.3s;}.elementor-8190 .elementor-element.elementor-element-32dd739 > .elementor-background-overlay{transition:background 0.3s, border-radius 0.3s, opacity 0.3s;}.elementor-8190 .elementor-element.elementor-element-f6b27a0 > .elementor-element-populated{padding:30px 30px 30px 30px;}.elementor-widget-heading .elementor-heading-title{font-weight:var( --e-global-typography-primary-font-weight );color:var( --e-global-color-primary );}.elementor-8190 .elementor-element.elementor-element-06f3358 .elementor-heading-title{font-size:20px;font-weight:600;color:var( --e-global-color-secondary );}.elementor-widget-post-info .elementor-icon-list-item:not(:last-child):after{border-color:var( --e-global-color-text );}.elementor-widget-post-info .elementor-icon-list-icon i{color:var( --e-global-color-primary );}.elementor-widget-post-info .elementor-icon-list-icon svg{fill:var( --e-global-color-primary );}.elementor-widget-post-info .elementor-icon-list-text, .elementor-widget-post-info .elementor-icon-list-text a{color:var( --e-global-color-secondary );}.elementor-widget-post-info .elementor-icon-list-item{font-weight:var( --e-global-typography-text-font-weight );}.elementor-8190 .elementor-element.elementor-element-dbd8585 .elementor-icon-list-icon{width:14px;}.elementor-8190 .elementor-element.elementor-element-dbd8585 .elementor-icon-list-icon i{font-size:14px;}.elementor-8190 .elementor-element.elementor-element-dbd8585 .elementor-icon-list-icon svg{--e-icon-list-icon-size:14px;}.elementor-8190 .elementor-element.elementor-element-dbd8585 .elementor-icon-list-text, .elementor-8190 .elementor-element.elementor-element-dbd8585 .elementor-icon-list-text a{color:var( --e-global-color-text );}.elementor-widget-button .elementor-button{font-weight:var( --e-global-typography-accent-font-weight );background-color:var( --e-global-color-accent );}.elementor-8190 .elementor-element.elementor-element-3a93a5c .elementor-button{font-weight:400;fill:var( --e-global-color-accent );color:var( --e-global-color-accent );background-color:#B0316C00;box-shadow:0px 0px 10px 0px rgba(255, 255, 255, 0.5);padding:20px 10px 20px 0px;}.elementor-8190 .elementor-element.elementor-element-3a93a5c > .elementor-widget-container{padding:0px 0px 0px 0px;}@media(max-width:1024px){.elementor-8190 .elementor-element.elementor-element-06f3358 .elementor-heading-title{font-size:18px;}.elementor-8190 .elementor-element.elementor-element-3a93a5c .elementor-button{font-size:12px;}}<\/style>\t\t<div data-elementor-type=\"loop-item\" data-elementor-id=\"8190\" class=\"elementor elementor-8190 elementor-8135 elementor-8135 e-loop-item e-loop-item-16100 post-16100 events type-events status-publish has-post-thumbnail hentry event_categories-reci-fobbiz-events-en event_tags-continuum-en event_tags-eie-en event_tags-methods-en event_tags-td-en event_tags-ttqe-en wpbf-post\" data-elementor-post-type=\"elementor_library\" data-custom-edit-handle=\"1\">\n\t\t\t\t\t<section class=\"elementor-section elementor-top-section elementor-element elementor-element-32dd739 elementor-section-height-min-height elementor-reverse-mobile elementor-section-boxed elementor-section-height-default elementor-section-items-middle\" data-id=\"32dd739\" data-element_type=\"section\" data-e-type=\"section\" data-settings=\"{&quot;background_background&quot;:&quot;classic&quot;}\">\n\t\t\t\t\t\t<div class=\"elementor-container elementor-column-gap-default\">\n\t\t\t\t\t<div class=\"elementor-column elementor-col-100 elementor-top-column elementor-element elementor-element-f6b27a0\" data-id=\"f6b27a0\" data-element_type=\"column\" data-e-type=\"column\">\n\t\t\t<div class=\"elementor-widget-wrap elementor-element-populated\">\n\t\t\t\t\t\t<div class=\"elementor-element elementor-element-06f3358 elementor-widget elementor-widget-heading\" data-id=\"06f3358\" data-element_type=\"widget\" data-e-type=\"widget\" data-widget_type=\"heading.default\">\n\t\t\t\t<div class=\"elementor-widget-container\">\n\t\t\t\t\t<h4 class=\"elementor-heading-title elementor-size-default\">RECI Education Forum 2025<\/h4>\t\t\t\t<\/div>\n\t\t\t\t<\/div>\n\t\t\t\t<div class=\"elementor-element elementor-element-dbd8585 elementor-widget elementor-widget-post-info\" data-id=\"dbd8585\" data-element_type=\"widget\" data-e-type=\"widget\" data-widget_type=\"post-info.default\">\n\t\t\t\t<div class=\"elementor-widget-container\">\n\t\t\t\t\t\t\t<ul class=\"elementor-inline-items elementor-icon-list-items elementor-post-info\">\n\t\t\t\t\t\t\t\t<li class=\"elementor-icon-list-item elementor-repeater-item-f259f55 elementor-inline-item\">\n\t\t\t\t\t\t\t\t\t\t<span class=\"elementor-icon-list-icon\">\n\t\t\t\t\t\t\t\t<i aria-hidden=\"true\" class=\"far fa-calendar-alt\"><\/i>\t\t\t\t\t\t\t<\/span>\n\t\t\t\t\t\t\t\t\t<span class=\"elementor-icon-list-text elementor-post-info__item elementor-post-info__item--type-custom\">\n\t\t\t\t\t\t\t\t\t\tJuni 23, 2025\t\t\t\t\t<\/span>\n\t\t\t\t\t\t\t\t<\/li>\n\t\t\t\t<\/ul>\n\t\t\t\t\t\t<\/div>\n\t\t\t\t<\/div>\n\t\t\t\t<div class=\"elementor-element elementor-element-3a93a5c elementor-align-left elementor-widget elementor-widget-button\" data-id=\"3a93a5c\" data-element_type=\"widget\" data-e-type=\"widget\" data-widget_type=\"button.default\">\n\t\t\t\t<div class=\"elementor-widget-container\">\n\t\t\t\t\t\t\t\t\t<div class=\"elementor-button-wrapper\">\n\t\t\t\t\t<a class=\"elementor-button elementor-button-link elementor-size-sm\" href=\"https:\/\/reci-fobbiz.ch\/de\/event\/reci-education-forum-2025\/\">\n\t\t\t\t\t\t<span class=\"elementor-button-content-wrapper\">\n\t\t\t\t\t\t\t\t\t<span class=\"elementor-button-text\">Mehr erfahren \u276f<\/span>\n\t\t\t\t\t<\/span>\n\t\t\t\t\t<\/a>\n\t\t\t\t<\/div>\n\t\t\t\t\t\t\t\t<\/div>\n\t\t\t\t<\/div>\n\t\t\t\t\t<\/div>\n\t\t<\/div>\n\t\t\t\t\t<\/div>\n\t\t<\/section>\n\t\t\t\t<\/div>\n\t\t\t\t<\/div>\n\t\t\n\t\t\t\t\t\t<\/div>\n\t\t\t\t<\/div>\n\t\t\t\t<div class=\"elementor-element elementor-element-b1bf81b elementor-widget elementor-widget-button\" data-id=\"b1bf81b\" data-element_type=\"widget\" data-e-type=\"widget\" data-widget_type=\"button.default\">\n\t\t\t\t<div class=\"elementor-widget-container\">\n\t\t\t\t\t\t\t\t\t<div class=\"elementor-button-wrapper\">\n\t\t\t\t\t<a class=\"elementor-button elementor-button-link elementor-size-sm\" href=\"https:\/\/reci-education.ch\/de\/event_tags\/eie-de\/\">\n\t\t\t\t\t\t<span class=\"elementor-button-content-wrapper\">\n\t\t\t\t\t\t<span class=\"elementor-button-icon\">\n\t\t\t\t<i aria-hidden=\"true\" class=\"fas fa-calendar-alt\"><\/i>\t\t\t<\/span>\n\t\t\t\t\t\t\t\t\t<span class=\"elementor-button-text\">Alle Events zum Thema<\/span>\n\t\t\t\t\t<\/span>\n\t\t\t\t\t<\/a>\n\t\t\t\t<\/div>\n\t\t\t\t\t\t\t\t<\/div>\n\t\t\t\t<\/div>\n\t\t\t\t<div class=\"elementor-element elementor-element-4a1c9ba elementor-widget elementor-widget-text-editor\" data-id=\"4a1c9ba\" data-element_type=\"widget\" data-e-type=\"widget\" data-widget_type=\"text-editor.default\">\n\t\t\t\t<div class=\"elementor-widget-container\">\n\t\t\t\t\t\t\t\t\t<h3>Arbeitsgruppen<\/h3>\n<ul>\n \t<li><a href=\"https:\/\/reci-education.ch\/de\/organisation\/#arbeitsgruppen\">Bildung in Krisensituationen<\/a><\/li>\n<\/ul>\t\t\t\t\t\t\t\t<\/div>\n\t\t\t\t<\/div>\n\t\t\t\t<div class=\"elementor-element elementor-element-04cd3cd elementor-widget elementor-widget-text-editor\" data-id=\"04cd3cd\" data-element_type=\"widget\" data-e-type=\"widget\" data-widget_type=\"text-editor.default\">\n\t\t\t\t<div class=\"elementor-widget-container\">\n\t\t\t\t\t\t\t\t\t<h3>Aktuellste Dokumente<\/h3>\t\t\t\t\t\t\t\t<\/div>\n\t\t\t\t<\/div>\n\t\t\t\t<div class=\"elementor-element elementor-element-8140199 elementor-widget elementor-widget-button\" data-id=\"8140199\" data-element_type=\"widget\" data-e-type=\"widget\" data-widget_type=\"button.default\">\n\t\t\t\t<div class=\"elementor-widget-container\">\n\t\t\t\t\t\t\t\t\t<div class=\"elementor-button-wrapper\">\n\t\t\t\t\t<a class=\"elementor-button elementor-button-link elementor-size-sm\" href=\"https:\/\/reci-education.ch\/en\/document-category\/themes\/education-in-emergencies\/\">\n\t\t\t\t\t\t<span class=\"elementor-button-content-wrapper\">\n\t\t\t\t\t\t<span class=\"elementor-button-icon\">\n\t\t\t\t<i aria-hidden=\"true\" class=\"fas fa-book\"><\/i>\t\t\t<\/span>\n\t\t\t\t\t\t\t\t\t<span class=\"elementor-button-text\">Alle Dokumente<\/span>\n\t\t\t\t\t<\/span>\n\t\t\t\t\t<\/a>\n\t\t\t\t<\/div>\n\t\t\t\t\t\t\t\t<\/div>\n\t\t\t\t<\/div>\n\t\t\t\t\t<\/div>\n\t\t<\/div>\n\t\t\t\t\t<\/div>\n\t\t<\/section>\n\t\t\t\t<\/div>\n\t\t","protected":false},"excerpt":{"rendered":"<p>Bildung in Krisensituationen \u00a9 Save the Children, Indonesia, 2018 Kinder und Jugendliche haben ein Recht auf Bildung, auch in Krisensituationen. Dennoch gehen derzeit 72 Millionen krisenbetroffene Kinder und Jugendliche nicht zur Schule, wobei die Mehrheit, n\u00e4mlich 84 %, in anhaltenden Krisen lebt. Programme f\u00fcr Bildung in Krisensituationen sind darauf ausgerichtet, die Hindernisse, welche solche Notsituationen [&hellip;]<\/p>\n","protected":false},"author":1,"featured_media":0,"parent":44,"menu_order":0,"comment_status":"closed","ping_status":"closed","template":"","meta":{"_acf_changed":false,"footnotes":""},"class_list":["post-720","page","type-page","status-publish","hentry","wpbf-post"],"acf":[],"yoast_head":"<!-- This site is optimized with the Yoast SEO Premium plugin v26.2 (Yoast SEO v27.2) - https:\/\/yoast.com\/product\/yoast-seo-premium-wordpress\/ -->\n<title>RECI | Bildung in Krisensituationen<\/title>\n<meta name=\"robots\" content=\"index, follow, max-snippet:-1, max-image-preview:large, max-video-preview:-1\" \/>\n<link rel=\"canonical\" href=\"https:\/\/reci-fobbiz.ch\/de\/themen\/bildung-in-krisensituationen\/\" \/>\n<meta property=\"og:locale\" content=\"de_DE\" \/>\n<meta property=\"og:type\" content=\"article\" \/>\n<meta property=\"og:title\" content=\"Bildung in Krisensituationen\" \/>\n<meta property=\"og:description\" content=\"Bildung in Krisensituationen \u00a9 Save the Children, Indonesia, 2018 Kinder und Jugendliche haben ein Recht auf Bildung, auch in Krisensituationen. Dennoch gehen derzeit 72 Millionen krisenbetroffene Kinder und Jugendliche nicht zur Schule, wobei die Mehrheit, n\u00e4mlich 84 %, in anhaltenden Krisen lebt. Programme f\u00fcr Bildung in Krisensituationen sind darauf ausgerichtet, die Hindernisse, welche solche Notsituationen [&hellip;]\" \/>\n<meta property=\"og:url\" content=\"https:\/\/reci-fobbiz.ch\/de\/themen\/bildung-in-krisensituationen\/\" \/>\n<meta property=\"og:site_name\" content=\"RECI\" \/>\n<meta property=\"article:modified_time\" content=\"2024-02-01T11:15:37+00:00\" \/>\n<meta property=\"og:image\" content=\"https:\/\/reci-fobbiz.ch\/wp-content\/uploads\/2022\/07\/Education-in-emergency-1024x683.jpg\" \/>\n<meta name=\"twitter:card\" content=\"summary_large_image\" \/>\n<meta name=\"twitter:label1\" content=\"Gesch\u00e4tzte Lesezeit\" \/>\n\t<meta name=\"twitter:data1\" content=\"1\u00a0Minute\" \/>\n<script type=\"application\/ld+json\" class=\"yoast-schema-graph\">{\"@context\":\"https:\/\/schema.org\",\"@graph\":[{\"@type\":\"WebPage\",\"@id\":\"https:\/\/reci-fobbiz.ch\/de\/themen\/bildung-in-krisensituationen\/\",\"url\":\"https:\/\/reci-fobbiz.ch\/de\/themen\/bildung-in-krisensituationen\/\",\"name\":\"RECI | Bildung in Krisensituationen\",\"isPartOf\":{\"@id\":\"https:\/\/reci-fobbiz.ch\/de\/#website\"},\"primaryImageOfPage\":{\"@id\":\"https:\/\/reci-fobbiz.ch\/de\/themen\/bildung-in-krisensituationen\/#primaryimage\"},\"image\":{\"@id\":\"https:\/\/reci-fobbiz.ch\/de\/themen\/bildung-in-krisensituationen\/#primaryimage\"},\"thumbnailUrl\":\"https:\/\/reci-fobbiz.ch\/wp-content\/uploads\/2022\/07\/Education-in-emergency-1024x683.jpg\",\"datePublished\":\"2022-05-24T16:17:50+00:00\",\"dateModified\":\"2024-02-01T11:15:37+00:00\",\"breadcrumb\":{\"@id\":\"https:\/\/reci-fobbiz.ch\/de\/themen\/bildung-in-krisensituationen\/#breadcrumb\"},\"inLanguage\":\"de\",\"potentialAction\":[{\"@type\":\"ReadAction\",\"target\":[\"https:\/\/reci-fobbiz.ch\/de\/themen\/bildung-in-krisensituationen\/\"]}]},{\"@type\":\"ImageObject\",\"inLanguage\":\"de\",\"@id\":\"https:\/\/reci-fobbiz.ch\/de\/themen\/bildung-in-krisensituationen\/#primaryimage\",\"url\":\"https:\/\/reci-fobbiz.ch\/wp-content\/uploads\/2022\/07\/Education-in-emergency-1024x683.jpg\",\"contentUrl\":\"https:\/\/reci-fobbiz.ch\/wp-content\/uploads\/2022\/07\/Education-in-emergency-1024x683.jpg\"},{\"@type\":\"BreadcrumbList\",\"@id\":\"https:\/\/reci-fobbiz.ch\/de\/themen\/bildung-in-krisensituationen\/#breadcrumb\",\"itemListElement\":[{\"@type\":\"ListItem\",\"position\":1,\"name\":\"Startseite\",\"item\":\"https:\/\/reci-fobbiz.ch\/de\/\"},{\"@type\":\"ListItem\",\"position\":2,\"name\":\"Themen\",\"item\":\"https:\/\/reci-fobbiz.ch\/de\/themen\/\"},{\"@type\":\"ListItem\",\"position\":3,\"name\":\"Bildung in Krisensituationen\"}]},{\"@type\":\"WebSite\",\"@id\":\"https:\/\/reci-fobbiz.ch\/de\/#website\",\"url\":\"https:\/\/reci-fobbiz.ch\/de\/\",\"name\":\"RECI\",\"description\":\"Swiss Network for Education &amp; International Cooperation\",\"publisher\":{\"@id\":\"https:\/\/reci-fobbiz.ch\/de\/#organization\"},\"alternateName\":\"RECI\",\"potentialAction\":[{\"@type\":\"SearchAction\",\"target\":{\"@type\":\"EntryPoint\",\"urlTemplate\":\"https:\/\/reci-fobbiz.ch\/de\/?s={search_term_string}\"},\"query-input\":{\"@type\":\"PropertyValueSpecification\",\"valueRequired\":true,\"valueName\":\"search_term_string\"}}],\"inLanguage\":\"de\"},{\"@type\":\"Organization\",\"@id\":\"https:\/\/reci-fobbiz.ch\/de\/#organization\",\"name\":\"RECI | Swiss Network for Education & International Cooperation\",\"alternateName\":\"RECI\",\"url\":\"https:\/\/reci-fobbiz.ch\/de\/\",\"logo\":{\"@type\":\"ImageObject\",\"inLanguage\":\"de\",\"@id\":\"https:\/\/reci-fobbiz.ch\/de\/#\/schema\/logo\/image\/\",\"url\":\"https:\/\/reci-fobbiz.ch\/wp-content\/uploads\/2023\/10\/Reci-Swiss-Network-for-Education-and-International-Cooperation.png\",\"contentUrl\":\"https:\/\/reci-fobbiz.ch\/wp-content\/uploads\/2023\/10\/Reci-Swiss-Network-for-Education-and-International-Cooperation.png\",\"width\":216,\"height\":216,\"caption\":\"RECI | Swiss Network for Education & International Cooperation\"},\"image\":{\"@id\":\"https:\/\/reci-fobbiz.ch\/de\/#\/schema\/logo\/image\/\"},\"sameAs\":[\"https:\/\/www.linkedin.com\/company\/reci-swiss-network-for-education-and-international-cooperation\/\",\"https:\/\/www.youtube.com\/channel\/UCxP6ErTwaK-Z8EA7XtFiUvQ\"]}]}<\/script>\n<!-- \/ Yoast SEO Premium plugin. -->","yoast_head_json":{"title":"RECI | Bildung in Krisensituationen","robots":{"index":"index","follow":"follow","max-snippet":"max-snippet:-1","max-image-preview":"max-image-preview:large","max-video-preview":"max-video-preview:-1"},"canonical":"https:\/\/reci-fobbiz.ch\/de\/themen\/bildung-in-krisensituationen\/","og_locale":"de_DE","og_type":"article","og_title":"Bildung in Krisensituationen","og_description":"Bildung in Krisensituationen \u00a9 Save the Children, Indonesia, 2018 Kinder und Jugendliche haben ein Recht auf Bildung, auch in Krisensituationen. Dennoch gehen derzeit 72 Millionen krisenbetroffene Kinder und Jugendliche nicht zur Schule, wobei die Mehrheit, n\u00e4mlich 84 %, in anhaltenden Krisen lebt. Programme f\u00fcr Bildung in Krisensituationen sind darauf ausgerichtet, die Hindernisse, welche solche Notsituationen [&hellip;]","og_url":"https:\/\/reci-fobbiz.ch\/de\/themen\/bildung-in-krisensituationen\/","og_site_name":"RECI","article_modified_time":"2024-02-01T11:15:37+00:00","og_image":[{"url":"https:\/\/reci-fobbiz.ch\/wp-content\/uploads\/2022\/07\/Education-in-emergency-1024x683.jpg","type":"","width":"","height":""}],"twitter_card":"summary_large_image","twitter_misc":{"Gesch\u00e4tzte Lesezeit":"1\u00a0Minute"},"schema":{"@context":"https:\/\/schema.org","@graph":[{"@type":"WebPage","@id":"https:\/\/reci-fobbiz.ch\/de\/themen\/bildung-in-krisensituationen\/","url":"https:\/\/reci-fobbiz.ch\/de\/themen\/bildung-in-krisensituationen\/","name":"RECI | Bildung in Krisensituationen","isPartOf":{"@id":"https:\/\/reci-fobbiz.ch\/de\/#website"},"primaryImageOfPage":{"@id":"https:\/\/reci-fobbiz.ch\/de\/themen\/bildung-in-krisensituationen\/#primaryimage"},"image":{"@id":"https:\/\/reci-fobbiz.ch\/de\/themen\/bildung-in-krisensituationen\/#primaryimage"},"thumbnailUrl":"https:\/\/reci-fobbiz.ch\/wp-content\/uploads\/2022\/07\/Education-in-emergency-1024x683.jpg","datePublished":"2022-05-24T16:17:50+00:00","dateModified":"2024-02-01T11:15:37+00:00","breadcrumb":{"@id":"https:\/\/reci-fobbiz.ch\/de\/themen\/bildung-in-krisensituationen\/#breadcrumb"},"inLanguage":"de","potentialAction":[{"@type":"ReadAction","target":["https:\/\/reci-fobbiz.ch\/de\/themen\/bildung-in-krisensituationen\/"]}]},{"@type":"ImageObject","inLanguage":"de","@id":"https:\/\/reci-fobbiz.ch\/de\/themen\/bildung-in-krisensituationen\/#primaryimage","url":"https:\/\/reci-fobbiz.ch\/wp-content\/uploads\/2022\/07\/Education-in-emergency-1024x683.jpg","contentUrl":"https:\/\/reci-fobbiz.ch\/wp-content\/uploads\/2022\/07\/Education-in-emergency-1024x683.jpg"},{"@type":"BreadcrumbList","@id":"https:\/\/reci-fobbiz.ch\/de\/themen\/bildung-in-krisensituationen\/#breadcrumb","itemListElement":[{"@type":"ListItem","position":1,"name":"Startseite","item":"https:\/\/reci-fobbiz.ch\/de\/"},{"@type":"ListItem","position":2,"name":"Themen","item":"https:\/\/reci-fobbiz.ch\/de\/themen\/"},{"@type":"ListItem","position":3,"name":"Bildung in Krisensituationen"}]},{"@type":"WebSite","@id":"https:\/\/reci-fobbiz.ch\/de\/#website","url":"https:\/\/reci-fobbiz.ch\/de\/","name":"RECI","description":"Swiss Network for Education &amp; International Cooperation","publisher":{"@id":"https:\/\/reci-fobbiz.ch\/de\/#organization"},"alternateName":"RECI","potentialAction":[{"@type":"SearchAction","target":{"@type":"EntryPoint","urlTemplate":"https:\/\/reci-fobbiz.ch\/de\/?s={search_term_string}"},"query-input":{"@type":"PropertyValueSpecification","valueRequired":true,"valueName":"search_term_string"}}],"inLanguage":"de"},{"@type":"Organization","@id":"https:\/\/reci-fobbiz.ch\/de\/#organization","name":"RECI | Swiss Network for Education & International Cooperation","alternateName":"RECI","url":"https:\/\/reci-fobbiz.ch\/de\/","logo":{"@type":"ImageObject","inLanguage":"de","@id":"https:\/\/reci-fobbiz.ch\/de\/#\/schema\/logo\/image\/","url":"https:\/\/reci-fobbiz.ch\/wp-content\/uploads\/2023\/10\/Reci-Swiss-Network-for-Education-and-International-Cooperation.png","contentUrl":"https:\/\/reci-fobbiz.ch\/wp-content\/uploads\/2023\/10\/Reci-Swiss-Network-for-Education-and-International-Cooperation.png","width":216,"height":216,"caption":"RECI | Swiss Network for Education & International Cooperation"},"image":{"@id":"https:\/\/reci-fobbiz.ch\/de\/#\/schema\/logo\/image\/"},"sameAs":["https:\/\/www.linkedin.com\/company\/reci-swiss-network-for-education-and-international-cooperation\/","https:\/\/www.youtube.com\/channel\/UCxP6ErTwaK-Z8EA7XtFiUvQ"]}]}},"_links":{"self":[{"href":"https:\/\/reci-fobbiz.ch\/de\/wp-json\/wp\/v2\/pages\/720","targetHints":{"allow":["GET"]}}],"collection":[{"href":"https:\/\/reci-fobbiz.ch\/de\/wp-json\/wp\/v2\/pages"}],"about":[{"href":"https:\/\/reci-fobbiz.ch\/de\/wp-json\/wp\/v2\/types\/page"}],"author":[{"embeddable":true,"href":"https:\/\/reci-fobbiz.ch\/de\/wp-json\/wp\/v2\/users\/1"}],"replies":[{"embeddable":true,"href":"https:\/\/reci-fobbiz.ch\/de\/wp-json\/wp\/v2\/comments?post=720"}],"version-history":[{"count":10,"href":"https:\/\/reci-fobbiz.ch\/de\/wp-json\/wp\/v2\/pages\/720\/revisions"}],"predecessor-version":[{"id":13566,"href":"https:\/\/reci-fobbiz.ch\/de\/wp-json\/wp\/v2\/pages\/720\/revisions\/13566"}],"up":[{"embeddable":true,"href":"https:\/\/reci-fobbiz.ch\/de\/wp-json\/wp\/v2\/pages\/44"}],"wp:attachment":[{"href":"https:\/\/reci-fobbiz.ch\/de\/wp-json\/wp\/v2\/media?parent=720"}],"curies":[{"name":"wp","href":"https:\/\/api.w.org\/{rel}","templated":true}]}}